{"id":1258,"date":"2025-04-24T05:47:31","date_gmt":"2025-04-24T05:47:31","guid":{"rendered":"https:\/\/www.avocadoprocess.com\/?post_type=product&#038;p=1258"},"modified":"2025-11-05T17:29:06","modified_gmt":"2025-11-05T09:29:06","slug":"avocado-peeling-and-pitting-machine","status":"publish","type":"product","link":"https:\/\/www.avocadoprocess.com\/es\/producto\/avocado-peeling-and-pitting-machine\/","title":{"rendered":"M\u00e1quina peladora y deshuesadora de aguacates para la industria"},"content":{"rendered":"<p>La m\u00e1quina peladora y deshuesadora de aguacates es un equipo automatizado dise\u00f1ado espec\u00edficamente para las plantas de procesamiento de aguacates. Fabricada en acero inoxidable de alta calidad, es muy duradera. Esta m\u00e1quina es ideal para empresas que procesan aguacates congelados, salsa de aguacate y aguacates en dados. Mejora la eficiencia de la producci\u00f3n al tiempo que ahorra costes de mano de obra.<\/p>\n<h2>Ventajas de la m\u00e1quina peladora y deshuesadora de aguacates<\/h2>\n<p>Producci\u00f3n de alta eficiencia: Una m\u00e1quina peladora de aguacates puede sustituir m\u00faltiples operaciones manuales, ahorrando costes de mano de obra.<\/p>\n<p>Alta integridad de la pulpa de fruta: Utilizando cuchillas flexibles y un sistema de reconocimiento inteligente, garantiza que la pulpa de la fruta no se da\u00f1e ni se desperdicie.<\/p>\n<p>Higiene y seguridad: Toda la m\u00e1quina est\u00e1 fabricada en acero inoxidable de calidad alimentaria, cumple las normas HACCP y CE, es f\u00e1cil de limpiar y resistente a la corrosi\u00f3n.<\/p>\n<p>Gran adaptabilidad: Puede integrarse perfectamente con los procesos de lavado, clasificaci\u00f3n, despulpado y congelaci\u00f3n para formar un sistema totalmente automatizado. <a href=\"https:\/\/www.avocadoprocess.com\/es\/iqf-avocado-chunks-processing-line\/\"><strong>l\u00ednea de procesamiento de aguacate<\/strong><\/a>.<\/p>\n<p><img fetchpriority=\"high\" decoding=\"async\" class=\"alignnone size-full wp-image-1259 aligncenter\" src=\"https:\/\/www.avocadoprocess.com\/wp-content\/uploads\/2025\/04\/Avocado-peeling-and-pitting-machine.jpg\" alt=\"Avocado-peeling-and-pitting-machine\" width=\"660\" height=\"400\" srcset=\"https:\/\/www.avocadoprocess.com\/wp-content\/uploads\/2025\/04\/Avocado-peeling-and-pitting-machine.jpg 660w, https:\/\/www.avocadoprocess.com\/wp-content\/uploads\/2025\/04\/Avocado-peeling-and-pitting-machine-300x182.jpg 300w, https:\/\/www.avocadoprocess.com\/wp-content\/uploads\/2025\/04\/Avocado-peeling-and-pitting-machine-600x364.jpg 600w\" sizes=\"(max-width: 660px) 100vw, 660px\" \/><\/p>\n<h2>\u00a0M\u00e1quina peladora y deshuesadora de aguacates Caracter\u00edsticas<\/h2>\n<ul>\n<li>El posicionamiento autom\u00e1tico garantiza una separaci\u00f3n precisa de los huesos. El pelado es minucioso sin da\u00f1ar la estructura de la pulpa de la fruta.<\/li>\n<li>Modelos de capacidad personalizados (500kg\/h-3000kg\/h) est\u00e1n disponibles para satisfacer las necesidades de los clientes.<\/li>\n<li>La m\u00e1quina peladora y deshuesadora de aguacates funciona de forma estable con poco ruido y es f\u00e1cil de mantener.<\/li>\n<li>Cuenta con un sistema de protecci\u00f3n de seguridad para un funcionamiento seguro y fiable.<\/li>\n<\/ul>\n<p><iframe title=\"La l\u00ednea de procesamiento de aguacates incluye pelado, limpieza, corte en rodajas y envasado\" src=\"https:\/\/www.youtube.com\/embed\/n3vGqdFwA-0\" width=\"630\" height=\"400\" frameborder=\"0\" allowfullscreen=\"allowfullscreen\"><span data-mce-type=\"bookmark\" style=\"display: inline-block; width: 0px; overflow: hidden; line-height: 0;\" class=\"mce_SELRES_start\">El pr\u00f3ximo fin de semana se abrir\u00e1 la nueva tienda de comestibles.<\/span><\/iframe><\/p>\n<h2>\u00a0M\u00e1quina peladora de aguacate Escenarios de aplicaci\u00f3n<\/h2>\n<p>\u2714 Cocina central de catering: suministro r\u00e1pido de ingredientes de ensalada de aguacate\/sushi\/salsa.<br \/>\n\u2714 Planta de procesamiento de alimentos: producci\u00f3n a gran escala de aguacate liofilizado, pur\u00e9 y alimentos infantiles.<br \/>\n\u2714 Empresa de bebidas: preelaboraci\u00f3n de los ingredientes frescos del t\u00e9 de aguacate.<br \/>\n\u2714 Cadena de suministro de alimentos frescos: rodajas de aguacate listas para el consumo\/elaboraci\u00f3n de productos semiacabados.<\/p>\n<p>Elegir nuestra m\u00e1quina industrial peladora y deshuesadora de aguacate no es s\u00f3lo elegir un equipo de producci\u00f3n eficiente y confiable, sino tambi\u00e9n elegir un m\u00e9todo de producci\u00f3n inteligente orientado al futuro.<\/p>\n<hr \/>\n<h3 style=\"text-align: center;\">CONTACTO PARA PRESUPUESTO<\/h3>\n\n<div class=\"wpcf7 no-js\" id=\"wpcf7-f1234-o1\" lang=\"zh-CN\" dir=\"ltr\" data-wpcf7-id=\"1234\">\n<div class=\"screen-reader-response\"><p role=\"status\" aria-live=\"polite\" aria-atomic=\"true\"><\/p> <ul><\/ul><\/div>\n<form action=\"\/es\/wp-json\/wp\/v2\/product\/1258#wpcf7-f1234-o1\" method=\"post\" class=\"wpcf7-form init\" aria-label=\"\u7559\u8a00\u8868\u5355\" novalidate=\"novalidate\" data-status=\"init\" data-trp-original-action=\"\/es\/wp-json\/wp\/v2\/product\/1258#wpcf7-f1234-o1\">\n<div style=\"display: none;\">\n<input type=\"hidden\" name=\"_wpcf7\" value=\"1234\" \/>\n<input type=\"hidden\" name=\"_wpcf7_version\" value=\"6.0.6\" \/>\n<input type=\"hidden\" name=\"_wpcf7_locale\" value=\"zh_CN\" \/>\n<input type=\"hidden\" name=\"_wpcf7_unit_tag\" value=\"wpcf7-f1234-o1\" \/>\n<input type=\"hidden\" name=\"_wpcf7_container_post\" value=\"0\" \/>\n<input type=\"hidden\" name=\"_wpcf7_posted_data_hash\" value=\"\" \/>\n<\/div>\n<p><label> Su nombre<br \/>\n<span class=\"wpcf7-form-control-wrap\" data-name=\"your-name\"><input size=\"40\" maxlength=\"400\" class=\"wpcf7-form-control wpcf7-text\" aria-invalid=\"false\" value=\"\" type=\"text\" name=\"your-name\" \/><\/span> <\/label>\n<\/p>\n<p><label> *Su direcci\u00f3n de correo electr\u00f3nico<br \/>\n<span class=\"wpcf7-form-control-wrap\" data-name=\"your-email\"><input size=\"40\" maxlength=\"400\" class=\"wpcf7-form-control wpcf7-email wpcf7-validates-as-required wpcf7-text wpcf7-validates-as-email\" aria-required=\"true\" aria-invalid=\"false\" value=\"\" type=\"email\" name=\"your-email\" \/><\/span> <\/label>\n<\/p>\n<p><label> Tu tel\u00e9fono<br \/>\n<span class=\"wpcf7-form-control-wrap\" data-name=\"tel-578\"><input size=\"40\" maxlength=\"400\" class=\"wpcf7-form-control wpcf7-tel wpcf7-text wpcf7-validates-as-tel\" aria-invalid=\"false\" value=\"\" type=\"tel\" name=\"tel-578\" \/><\/span> <\/label>\n<\/p>\n<p><label> *Su pa\u00eds<br \/>\n<span class=\"wpcf7-form-control-wrap\" data-name=\"your-country\"><input size=\"40\" maxlength=\"400\" class=\"wpcf7-form-control wpcf7-text wpcf7-validates-as-required\" aria-required=\"true\" aria-invalid=\"false\" value=\"\" type=\"text\" name=\"your-country\" \/><\/span> <\/label>\n<\/p>\n<p><label> Nombre de la empresa<br \/>\n<span class=\"wpcf7-form-control-wrap\" data-name=\"Company-Name\"><input size=\"40\" maxlength=\"400\" class=\"wpcf7-form-control wpcf7-text\" aria-invalid=\"false\" value=\"\" type=\"text\" name=\"Company-Name\" \/><\/span> <\/label>\n<\/p>\n<p><label> Su sitio web<br \/>\n<span class=\"wpcf7-form-control-wrap\" data-name=\"your-website\"><input size=\"40\" maxlength=\"400\" class=\"wpcf7-form-control wpcf7-text\" aria-invalid=\"false\" value=\"\" type=\"text\" name=\"your-website\" \/><\/span> <\/label>\n<\/p>\n<p><label> *Su mensaje<br \/>\n<span class=\"wpcf7-form-control-wrap\" data-name=\"your-message\"><textarea cols=\"40\" rows=\"10\" maxlength=\"2000\" class=\"wpcf7-form-control wpcf7-textarea wpcf7-validates-as-required\" aria-required=\"true\" aria-invalid=\"false\" name=\"your-message\"><\/textarea><\/span> <\/label>\n<\/p>\n<div style='clear:both'>\n<\/div>\n<p><input class=\"wpcf7-form-control wpcf7-submit has-spinner\" type=\"submit\" value=\"Enviar\" \/>\n<\/p>\n<div style='clear:both'>\n<\/div><div class=\"wpcf7-response-output\" aria-hidden=\"true\"><\/div>\n<input type=\"hidden\" name=\"trp-form-language\" value=\"es\"\/><\/form>\n<\/div>\n\n<div style='text-align:left' class='yasr-auto-insert-visitor'><\/div>","protected":false},"excerpt":{"rendered":"<p>The avocado peeling and pitting machine is an automated piece of equipment specifically designed for avocado processing plants. Made of high-quality stainless steel, it is highly durable. This machine is ideal for businesses processing frozen avocados, avocado sauce, and diced avocados. It improves production efficiency while saving labor costs. Avocado Peeling And Pitting Machine Advantage [&hellip;]<\/p>","protected":false},"featured_media":1260,"comment_status":"open","ping_status":"closed","template":"","meta":{"_surecart_dashboard_logo_width":"180px","_surecart_dashboard_show_logo":true,"_surecart_dashboard_navigation_orders":true,"_surecart_dashboard_navigation_invoices":true,"_surecart_dashboard_navigation_subscriptions":true,"_surecart_dashboard_navigation_downloads":true,"_surecart_dashboard_navigation_billing":true,"_surecart_dashboard_navigation_account":true,"site-sidebar-layout":"default","site-content-layout":"","ast-site-content-layout":"default","site-content-style":"default","site-sidebar-style":"default","ast-global-header-display":"","ast-banner-title-visibility":"","ast-main-header-display":"","ast-hfb-above-header-display":"","ast-hfb-below-header-display":"","ast-hfb-mobile-header-display":"","site-post-title":"","ast-breadcrumbs-content":"","ast-featured-img":"","footer-sml-layout":"","theme-transparent-header-meta":"default","adv-header-id-meta":"","stick-header-meta":"","header-above-stick-meta":"","header-main-stick-meta":"","header-below-stick-meta":"","astra-migrate-meta-layouts":"set","ast-page-background-enabled":"default","ast-page-background-meta":{"desktop":{"background-color":"var(--ast-global-color-4)","background-image":"","background-repeat":"repeat","background-position":"center center","background-size":"auto","background-attachment":"scroll","background-type":"","background-media":"","overlay-type":"","overlay-color":"","overlay-opacity":"","overlay-gradient":""},"tablet":{"background-color":"","background-image":"","background-repeat":"repeat","background-position":"center center","background-size":"auto","background-attachment":"scroll","background-type":"","background-media":"","overlay-type":"","overlay-color":"","overlay-opacity":"","overlay-gradient":""},"mobile":{"background-color":"","background-image":"","background-repeat":"repeat","background-position":"center center","background-size":"auto","background-attachment":"scroll","background-type":"","background-media":"","overlay-type":"","overlay-color":"","overlay-opacity":"","overlay-gradient":""}},"ast-content-background-meta":{"desktop":{"background-color":"var(--ast-global-color-5)","background-image":"","background-repeat":"repeat","background-position":"center center","background-size":"auto","background-attachment":"scroll","background-type":"","background-media":"","overlay-type":"","overlay-color":"","overlay-opacity":"","overlay-gradient":""},"tablet":{"background-color":"var(--ast-global-color-5)","background-image":"","background-repeat":"repeat","background-position":"center center","background-size":"auto","background-attachment":"scroll","background-type":"","background-media":"","overlay-type":"","overlay-color":"","overlay-opacity":"","overlay-gradient":""},"mobile":{"background-color":"var(--ast-global-color-5)","background-image":"","background-repeat":"repeat","background-position":"center center","background-size":"auto","background-attachment":"scroll","background-type":"","background-media":"","overlay-type":"","overlay-color":"","overlay-opacity":"","overlay-gradient":""}},"yasr_overall_rating":5,"yasr_post_is_review":"","yasr_auto_insert_disabled":"","yasr_review_type":""},"product_brand":[],"product_cat":[17],"product_tag":[],"class_list":{"0":"post-1258","1":"product","2":"type-product","3":"status-publish","4":"has-post-thumbnail","6":"product_cat-products","7":"desktop-align-left","8":"tablet-align-left","9":"mobile-align-left","11":"first","12":"instock","13":"featured","14":"shipping-taxable","15":"product-type-simple"},"yasr_visitor_votes":{"stars_attributes":{"read_only":false,"span_bottom":false},"number_of_votes":1,"sum_votes":5},"yoast_head":"<!-- This site is optimized with the Yoast SEO plugin v24.9 - https:\/\/yoast.com\/wordpress\/plugins\/seo\/ -->\n<title>Avocado Peeling And Pitting Machine For Industrial<\/title>\n<meta name=\"description\" content=\"The avocado peeling and pitting machine is an advanced device designed for large-scale avocado processing.made of high-quality stainless steel.\" \/>\n<meta name=\"robots\" content=\"index, follow, max-snippet:-1, max-image-preview:large, max-video-preview:-1\" \/>\n<link rel=\"canonical\" href=\"https:\/\/www.avocadoprocess.com\/es\/producto\/avocado-peeling-and-pitting-machine\/\" \/>\n<meta property=\"og:locale\" content=\"es_ES\" \/>\n<meta property=\"og:type\" content=\"article\" \/>\n<meta property=\"og:title\" content=\"Avocado Peeling And Pitting Machine For Industrial\" \/>\n<meta property=\"og:description\" content=\"The avocado peeling and pitting machine is an advanced device designed for large-scale avocado processing.made of high-quality stainless steel.\" \/>\n<meta property=\"og:url\" content=\"https:\/\/www.avocadoprocess.com\/es\/producto\/avocado-peeling-and-pitting-machine\/\" \/>\n<meta property=\"og:site_name\" content=\"Avocado Processing Machine Plant Manufacturers\" \/>\n<meta property=\"article:modified_time\" content=\"2025-11-05T09:29:06+00:00\" \/>\n<meta property=\"og:image\" content=\"https:\/\/www.avocadoprocess.com\/wp-content\/uploads\/2025\/04\/avocado-peeling-machine.jpg\" \/>\n\t<meta property=\"og:image:width\" content=\"500\" \/>\n\t<meta property=\"og:image:height\" content=\"500\" \/>\n\t<meta property=\"og:image:type\" content=\"image\/jpeg\" \/>\n<meta name=\"twitter:card\" content=\"summary_large_image\" \/>\n<meta name=\"twitter:label1\" content=\"Tiempo de lectura\" \/>\n\t<meta name=\"twitter:data1\" content=\"2 minutos\" \/>\n<script type=\"application\/ld+json\" class=\"yoast-schema-graph\">{\"@context\":\"https:\/\/schema.org\",\"@graph\":[{\"@type\":\"WebPage\",\"@id\":\"https:\/\/www.avocadoprocess.com\/product\/avocado-peeling-and-pitting-machine\/\",\"url\":\"https:\/\/www.avocadoprocess.com\/product\/avocado-peeling-and-pitting-machine\/\",\"name\":\"Avocado Peeling And Pitting Machine For Industrial\",\"isPartOf\":{\"@id\":\"https:\/\/www.avocadoprocess.com\/#website\"},\"primaryImageOfPage\":{\"@id\":\"https:\/\/www.avocadoprocess.com\/product\/avocado-peeling-and-pitting-machine\/#primaryimage\"},\"image\":{\"@id\":\"https:\/\/www.avocadoprocess.com\/product\/avocado-peeling-and-pitting-machine\/#primaryimage\"},\"thumbnailUrl\":\"https:\/\/www.avocadoprocess.com\/wp-content\/uploads\/2025\/04\/avocado-peeling-machine.jpg\",\"datePublished\":\"2025-04-24T05:47:31+00:00\",\"dateModified\":\"2025-11-05T09:29:06+00:00\",\"description\":\"The avocado peeling and pitting machine is an advanced device designed for large-scale avocado processing.made of high-quality stainless steel.\",\"breadcrumb\":{\"@id\":\"https:\/\/www.avocadoprocess.com\/product\/avocado-peeling-and-pitting-machine\/#breadcrumb\"},\"inLanguage\":\"es\",\"potentialAction\":[{\"@type\":\"ReadAction\",\"target\":[\"https:\/\/www.avocadoprocess.com\/product\/avocado-peeling-and-pitting-machine\/\"]}]},{\"@type\":\"ImageObject\",\"inLanguage\":\"es\",\"@id\":\"https:\/\/www.avocadoprocess.com\/product\/avocado-peeling-and-pitting-machine\/#primaryimage\",\"url\":\"https:\/\/www.avocadoprocess.com\/wp-content\/uploads\/2025\/04\/avocado-peeling-machine.jpg\",\"contentUrl\":\"https:\/\/www.avocadoprocess.com\/wp-content\/uploads\/2025\/04\/avocado-peeling-machine.jpg\",\"width\":500,\"height\":500,\"caption\":\"avocado-peeling-machine\"},{\"@type\":\"BreadcrumbList\",\"@id\":\"https:\/\/www.avocadoprocess.com\/product\/avocado-peeling-and-pitting-machine\/#breadcrumb\",\"itemListElement\":[{\"@type\":\"ListItem\",\"position\":1,\"name\":\"Home\",\"item\":\"https:\/\/www.avocadoprocess.com\/\"},{\"@type\":\"ListItem\",\"position\":2,\"name\":\"Product\",\"item\":\"https:\/\/www.avocadoprocess.com\/products\/\"},{\"@type\":\"ListItem\",\"position\":3,\"name\":\"Avocado Peeling And Pitting Machine For Industrial\"}]},{\"@type\":\"WebSite\",\"@id\":\"https:\/\/www.avocadoprocess.com\/#website\",\"url\":\"https:\/\/www.avocadoprocess.com\/\",\"name\":\"Avocado Processing Machine Plant Manufacturers\",\"description\":\"\",\"potentialAction\":[{\"@type\":\"SearchAction\",\"target\":{\"@type\":\"EntryPoint\",\"urlTemplate\":\"https:\/\/www.avocadoprocess.com\/?s={search_term_string}\"},\"query-input\":{\"@type\":\"PropertyValueSpecification\",\"valueRequired\":true,\"valueName\":\"search_term_string\"}}],\"inLanguage\":\"es\"},false]}<\/script>\n<!-- \/ Yoast SEO plugin. -->","yoast_head_json":{"title":"M\u00e1quina peladora y deshuesadora de aguacates para la industria","description":"La m\u00e1quina peladora y deshuesadora de aguacates es un dispositivo avanzado dise\u00f1ado para el procesamiento de aguacates a gran escala.Fabricado en acero inoxidable de alta calidad.","robots":{"index":"index","follow":"follow","max-snippet":"max-snippet:-1","max-image-preview":"max-image-preview:large","max-video-preview":"max-video-preview:-1"},"canonical":"https:\/\/www.avocadoprocess.com\/es\/producto\/avocado-peeling-and-pitting-machine\/","og_locale":"es_ES","og_type":"article","og_title":"Avocado Peeling And Pitting Machine For Industrial","og_description":"The avocado peeling and pitting machine is an advanced device designed for large-scale avocado processing.made of high-quality stainless steel.","og_url":"https:\/\/www.avocadoprocess.com\/es\/producto\/avocado-peeling-and-pitting-machine\/","og_site_name":"Avocado Processing Machine Plant Manufacturers","article_modified_time":"2025-11-05T09:29:06+00:00","og_image":[{"width":500,"height":500,"url":"https:\/\/www.avocadoprocess.com\/wp-content\/uploads\/2025\/04\/avocado-peeling-machine.jpg","type":"image\/jpeg"}],"twitter_card":"summary_large_image","twitter_misc":{"Tiempo de lectura":"2 minutos"},"schema":{"@context":"https:\/\/schema.org","@graph":[{"@type":"WebPage","@id":"https:\/\/www.avocadoprocess.com\/product\/avocado-peeling-and-pitting-machine\/","url":"https:\/\/www.avocadoprocess.com\/product\/avocado-peeling-and-pitting-machine\/","name":"M\u00e1quina peladora y deshuesadora de aguacates para la industria","isPartOf":{"@id":"https:\/\/www.avocadoprocess.com\/#website"},"primaryImageOfPage":{"@id":"https:\/\/www.avocadoprocess.com\/product\/avocado-peeling-and-pitting-machine\/#primaryimage"},"image":{"@id":"https:\/\/www.avocadoprocess.com\/product\/avocado-peeling-and-pitting-machine\/#primaryimage"},"thumbnailUrl":"https:\/\/www.avocadoprocess.com\/wp-content\/uploads\/2025\/04\/avocado-peeling-machine.jpg","datePublished":"2025-04-24T05:47:31+00:00","dateModified":"2025-11-05T09:29:06+00:00","description":"La m\u00e1quina peladora y deshuesadora de aguacates es un dispositivo avanzado dise\u00f1ado para el procesamiento de aguacates a gran escala.Fabricado en acero inoxidable de alta calidad.","breadcrumb":{"@id":"https:\/\/www.avocadoprocess.com\/product\/avocado-peeling-and-pitting-machine\/#breadcrumb"},"inLanguage":"es","potentialAction":[{"@type":"ReadAction","target":["https:\/\/www.avocadoprocess.com\/product\/avocado-peeling-and-pitting-machine\/"]}]},{"@type":"ImageObject","inLanguage":"es","@id":"https:\/\/www.avocadoprocess.com\/product\/avocado-peeling-and-pitting-machine\/#primaryimage","url":"https:\/\/www.avocadoprocess.com\/wp-content\/uploads\/2025\/04\/avocado-peeling-machine.jpg","contentUrl":"https:\/\/www.avocadoprocess.com\/wp-content\/uploads\/2025\/04\/avocado-peeling-machine.jpg","width":500,"height":500,"caption":"avocado-peeling-machine"},{"@type":"BreadcrumbList","@id":"https:\/\/www.avocadoprocess.com\/product\/avocado-peeling-and-pitting-machine\/#breadcrumb","itemListElement":[{"@type":"ListItem","position":1,"name":"Home","item":"https:\/\/www.avocadoprocess.com\/"},{"@type":"ListItem","position":2,"name":"Product","item":"https:\/\/www.avocadoprocess.com\/products\/"},{"@type":"ListItem","position":3,"name":"Avocado Peeling And Pitting Machine For Industrial"}]},{"@type":"WebSite","@id":"https:\/\/www.avocadoprocess.com\/#website","url":"https:\/\/www.avocadoprocess.com\/","name":"Planta procesadora de aguacate Fabricantes","description":"","potentialAction":[{"@type":"SearchAction","target":{"@type":"EntryPoint","urlTemplate":"https:\/\/www.avocadoprocess.com\/?s={search_term_string}"},"query-input":{"@type":"PropertyValueSpecification","valueRequired":true,"valueName":"search_term_string"}}],"inLanguage":"es"},false]}},"_links":{"self":[{"href":"https:\/\/www.avocadoprocess.com\/es\/wp-json\/wp\/v2\/product\/1258","targetHints":{"allow":["GET"]}}],"collection":[{"href":"https:\/\/www.avocadoprocess.com\/es\/wp-json\/wp\/v2\/product"}],"about":[{"href":"https:\/\/www.avocadoprocess.com\/es\/wp-json\/wp\/v2\/types\/product"}],"replies":[{"embeddable":true,"href":"https:\/\/www.avocadoprocess.com\/es\/wp-json\/wp\/v2\/comments?post=1258"}],"wp:featuredmedia":[{"embeddable":true,"href":"https:\/\/www.avocadoprocess.com\/es\/wp-json\/wp\/v2\/media\/1260"}],"wp:attachment":[{"href":"https:\/\/www.avocadoprocess.com\/es\/wp-json\/wp\/v2\/media?parent=1258"}],"wp:term":[{"taxonomy":"product_brand","embeddable":true,"href":"https:\/\/www.avocadoprocess.com\/es\/wp-json\/wp\/v2\/product_brand?post=1258"},{"taxonomy":"product_cat","embeddable":true,"href":"https:\/\/www.avocadoprocess.com\/es\/wp-json\/wp\/v2\/product_cat?post=1258"},{"taxonomy":"product_tag","embeddable":true,"href":"https:\/\/www.avocadoprocess.com\/es\/wp-json\/wp\/v2\/product_tag?post=1258"}],"curies":[{"name":"wp","href":"https:\/\/api.w.org\/{rel}","templated":true}]}}