{"id":1261,"date":"2025-04-24T06:35:26","date_gmt":"2025-04-24T06:35:26","guid":{"rendered":"https:\/\/www.avocadoprocess.com\/?post_type=product&#038;p=1261"},"modified":"2025-09-17T15:37:19","modified_gmt":"2025-09-17T07:37:19","slug":"avocado-pulp-processing-machine","status":"publish","type":"product","link":"https:\/\/www.avocadoprocess.com\/es\/producto\/avocado-pulp-processing-machine\/","title":{"rendered":"M\u00e1quina procesadora extractora de pulpa de aguacate"},"content":{"rendered":"<p>La m\u00e1quina procesadora de pulpa de aguacate es un equipo automatizado dise\u00f1ado para la producci\u00f3n a gran escala. A trav\u00e9s de un proceso de operaci\u00f3n inteligente, puede transformar r\u00e1pidamente el aguacate fresco en pulpa con sabor suave y calidad estable. Esta m\u00e1quina procesadora de pulpa de aguacate es adecuada para una variedad de escenarios de aplicaci\u00f3n tales como plantas procesadoras de alimentos, empresas de catering en cadena, fabricantes de salsas, etc.<\/p>\n<h2>Ventajas de la m\u00e1quina procesadora de pulpa de aguacate<\/h2>\n<ul>\n<li>Capacidad de producci\u00f3n de alta eficacia, reducci\u00f3n de costes y mejora de la eficiencia<\/li>\n<\/ul>\n<p>La m\u00e1quina despulpadora de aguacate puede procesar 500-1000kg\/h (personalizable) para satisfacer las necesidades de la producci\u00f3n en masa, y su eficiencia es m\u00e1s de 20 veces superior a la del trabajo manual tradicional. El funcionamiento totalmente automatizado de la l\u00ednea de montaje reduce la intervenci\u00f3n manual y ahorra m\u00e1s de 60% de costes de mano de obra.<\/p>\n<ul>\n<li>Calidad mejorada, sabor uniforme<\/li>\n<\/ul>\n<p>La m\u00e1quina extractora de pulpa de aguacate adopta la tecnolog\u00eda de prensado f\u00edsico para conservar la nutrici\u00f3n natural y el sabor fresco del aguacate, y la salsa es delicada y sin part\u00edculas.<\/p>\n<ul>\n<li>Funcionamiento y mantenimiento inteligentes y c\u00f3modos, sin preocupaciones<\/li>\n<\/ul>\n<p>El manejo mediante un bot\u00f3n de la pantalla t\u00e1ctil permite ajustar libremente los par\u00e1metros (como la consistencia de la salsa y el tama\u00f1o de las part\u00edculas). Dise\u00f1o modular, f\u00e1cil desmontaje y limpieza, baja tasa de fallos y coste de mantenimiento extremadamente bajo.<\/p>\n<p><img fetchpriority=\"high\" decoding=\"async\" class=\"alignnone size-full wp-image-1263 aligncenter\" src=\"https:\/\/www.avocadoprocess.com\/wp-content\/uploads\/2025\/04\/Avocado-pulping-and-refining-machine.jpg\" alt=\"Avocado-pulping-and-refining-machine\" width=\"660\" height=\"400\" srcset=\"https:\/\/www.avocadoprocess.com\/wp-content\/uploads\/2025\/04\/Avocado-pulping-and-refining-machine.jpg 660w, https:\/\/www.avocadoprocess.com\/wp-content\/uploads\/2025\/04\/Avocado-pulping-and-refining-machine-300x182.jpg 300w, https:\/\/www.avocadoprocess.com\/wp-content\/uploads\/2025\/04\/Avocado-pulping-and-refining-machine-600x364.jpg 600w\" sizes=\"(max-width: 660px) 100vw, 660px\" \/><\/p>\n<h2>M\u00e1quina extractora de pulpa de aguacate Caracter\u00edsticas<\/h2>\n<p>Tecnolog\u00eda de molienda de frecuencia variable: la m\u00e1quina despulpadora de aguacate ajusta a m\u00faltiples velocidades la finura de molienda, adecuada para aderezo de ensaladas, salsa para mojar, alimentos para beb\u00e9s y otras necesidades diferentes.<\/p>\n<p>Ahorro de energ\u00eda y dise\u00f1o respetuoso con el medio ambiente: El consumo de energ\u00eda de la m\u00e1quina extractora de pulpa de aguacate es 30% m\u00e1s bajo que el est\u00e1ndar de la industria, las aguas residuales y los residuos de desecho se reciclan y procesan autom\u00e1ticamente, y la producci\u00f3n ecol\u00f3gica.<\/p>\n<p>Servicio personalizado: mejora de la capacidad, ajuste de las especificaciones de llenado, adaptaci\u00f3n de la f\u00f3rmula (por ejemplo, a\u00f1adiendo condimentos) y otras necesidades personalizadas.<\/p>\n<h2>\u00bfPor qu\u00e9 elegirnos?<\/h2>\n<p>\u2705 10 a\u00f1os de acumulaci\u00f3n de tecnolog\u00eda: atendiendo a m\u00e1s de 200 empresas en todo el mundo, y exportando equipos a Europa, Am\u00e9rica, Sudeste Asi\u00e1tico y otros pa\u00edses.<br \/>\n\u2705 Soporte de servicio completo: depuraci\u00f3n de procesos gratuita, formaci\u00f3n t\u00e9cnica y orientaci\u00f3n para la optimizaci\u00f3n de f\u00f3rmulas.<br \/>\n\u2705 Compromiso postventa sin preocupaciones: respuesta en 24 horas, sustituci\u00f3n de piezas de repuesto de por vida y servicios de actualizaci\u00f3n.<\/p>\n<hr \/>\n<h3 style=\"text-align: center;\">CONTACTO PARA PRESUPUESTO<\/h3>\n\n<div class=\"wpcf7 no-js\" id=\"wpcf7-f1234-o1\" lang=\"zh-CN\" dir=\"ltr\" data-wpcf7-id=\"1234\">\n<div class=\"screen-reader-response\"><p role=\"status\" aria-live=\"polite\" aria-atomic=\"true\"><\/p> <ul><\/ul><\/div>\n<form action=\"\/es\/wp-json\/wp\/v2\/product\/1261#wpcf7-f1234-o1\" method=\"post\" class=\"wpcf7-form init\" aria-label=\"\u7559\u8a00\u8868\u5355\" novalidate=\"novalidate\" data-status=\"init\" data-trp-original-action=\"\/es\/wp-json\/wp\/v2\/product\/1261#wpcf7-f1234-o1\">\n<div style=\"display: none;\">\n<input type=\"hidden\" name=\"_wpcf7\" value=\"1234\" \/>\n<input type=\"hidden\" name=\"_wpcf7_version\" value=\"6.0.6\" \/>\n<input type=\"hidden\" name=\"_wpcf7_locale\" value=\"zh_CN\" \/>\n<input type=\"hidden\" name=\"_wpcf7_unit_tag\" value=\"wpcf7-f1234-o1\" \/>\n<input type=\"hidden\" name=\"_wpcf7_container_post\" value=\"0\" \/>\n<input type=\"hidden\" name=\"_wpcf7_posted_data_hash\" value=\"\" \/>\n<\/div>\n<p><label> Su nombre<br \/>\n<span class=\"wpcf7-form-control-wrap\" data-name=\"your-name\"><input size=\"40\" maxlength=\"400\" class=\"wpcf7-form-control wpcf7-text\" aria-invalid=\"false\" value=\"\" type=\"text\" name=\"your-name\" \/><\/span> <\/label>\n<\/p>\n<p><label> *Su direcci\u00f3n de correo electr\u00f3nico<br \/>\n<span class=\"wpcf7-form-control-wrap\" data-name=\"your-email\"><input size=\"40\" maxlength=\"400\" class=\"wpcf7-form-control wpcf7-email wpcf7-validates-as-required wpcf7-text wpcf7-validates-as-email\" aria-required=\"true\" aria-invalid=\"false\" value=\"\" type=\"email\" name=\"your-email\" \/><\/span> <\/label>\n<\/p>\n<p><label> Tu tel\u00e9fono<br \/>\n<span class=\"wpcf7-form-control-wrap\" data-name=\"tel-578\"><input size=\"40\" maxlength=\"400\" class=\"wpcf7-form-control wpcf7-tel wpcf7-text wpcf7-validates-as-tel\" aria-invalid=\"false\" value=\"\" type=\"tel\" name=\"tel-578\" \/><\/span> <\/label>\n<\/p>\n<p><label> *Su pa\u00eds<br \/>\n<span class=\"wpcf7-form-control-wrap\" data-name=\"your-country\"><input size=\"40\" maxlength=\"400\" class=\"wpcf7-form-control wpcf7-text wpcf7-validates-as-required\" aria-required=\"true\" aria-invalid=\"false\" value=\"\" type=\"text\" name=\"your-country\" \/><\/span> <\/label>\n<\/p>\n<p><label> Nombre de la empresa<br \/>\n<span class=\"wpcf7-form-control-wrap\" data-name=\"Company-Name\"><input size=\"40\" maxlength=\"400\" class=\"wpcf7-form-control wpcf7-text\" aria-invalid=\"false\" value=\"\" type=\"text\" name=\"Company-Name\" \/><\/span> <\/label>\n<\/p>\n<p><label> Su sitio web<br \/>\n<span class=\"wpcf7-form-control-wrap\" data-name=\"your-website\"><input size=\"40\" maxlength=\"400\" class=\"wpcf7-form-control wpcf7-text\" aria-invalid=\"false\" value=\"\" type=\"text\" name=\"your-website\" \/><\/span> <\/label>\n<\/p>\n<p><label> *Su mensaje<br \/>\n<span class=\"wpcf7-form-control-wrap\" data-name=\"your-message\"><textarea cols=\"40\" rows=\"10\" maxlength=\"2000\" class=\"wpcf7-form-control wpcf7-textarea wpcf7-validates-as-required\" aria-required=\"true\" aria-invalid=\"false\" name=\"your-message\"><\/textarea><\/span> <\/label>\n<\/p>\n<div style='clear:both'>\n<\/div>\n<p><input class=\"wpcf7-form-control wpcf7-submit has-spinner\" type=\"submit\" value=\"Enviar\" \/>\n<\/p>\n<div style='clear:both'>\n<\/div><div class=\"wpcf7-response-output\" aria-hidden=\"true\"><\/div>\n<input type=\"hidden\" name=\"trp-form-language\" value=\"es\"\/><\/form>\n<\/div>\n\n<div style='text-align:left' class='yasr-auto-insert-visitor'><\/div>","protected":false},"excerpt":{"rendered":"<p>Avocado pulp processing machine is an automated equipment designed for large-scale production. Through intelligent operation process, it can quickly transform fresh avocado into pulp with smooth taste and stable quality. This avocado pulping machine is suitable for a variety of application scenarios such as food processing plants, chain catering enterprises, sauce manufacturers, etc. Avocado Pulp [&hellip;]<\/p>","protected":false},"featured_media":1264,"comment_status":"open","ping_status":"closed","template":"","meta":{"_surecart_dashboard_logo_width":"180px","_surecart_dashboard_show_logo":true,"_surecart_dashboard_navigation_orders":true,"_surecart_dashboard_navigation_invoices":true,"_surecart_dashboard_navigation_subscriptions":true,"_surecart_dashboard_navigation_downloads":true,"_surecart_dashboard_navigation_billing":true,"_surecart_dashboard_navigation_account":true,"site-sidebar-layout":"default","site-content-layout":"","ast-site-content-layout":"default","site-content-style":"default","site-sidebar-style":"default","ast-global-header-display":"","ast-banner-title-visibility":"","ast-main-header-display":"","ast-hfb-above-header-display":"","ast-hfb-below-header-display":"","ast-hfb-mobile-header-display":"","site-post-title":"","ast-breadcrumbs-content":"","ast-featured-img":"","footer-sml-layout":"","theme-transparent-header-meta":"default","adv-header-id-meta":"","stick-header-meta":"","header-above-stick-meta":"","header-main-stick-meta":"","header-below-stick-meta":"","astra-migrate-meta-layouts":"set","ast-page-background-enabled":"default","ast-page-background-meta":{"desktop":{"background-color":"var(--ast-global-color-4)","background-image":"","background-repeat":"repeat","background-position":"center center","background-size":"auto","background-attachment":"scroll","background-type":"","background-media":"","overlay-type":"","overlay-color":"","overlay-opacity":"","overlay-gradient":""},"tablet":{"background-color":"","background-image":"","background-repeat":"repeat","background-position":"center center","background-size":"auto","background-attachment":"scroll","background-type":"","background-media":"","overlay-type":"","overlay-color":"","overlay-opacity":"","overlay-gradient":""},"mobile":{"background-color":"","background-image":"","background-repeat":"repeat","background-position":"center center","background-size":"auto","background-attachment":"scroll","background-type":"","background-media":"","overlay-type":"","overlay-color":"","overlay-opacity":"","overlay-gradient":""}},"ast-content-background-meta":{"desktop":{"background-color":"var(--ast-global-color-5)","background-image":"","background-repeat":"repeat","background-position":"center center","background-size":"auto","background-attachment":"scroll","background-type":"","background-media":"","overlay-type":"","overlay-color":"","overlay-opacity":"","overlay-gradient":""},"tablet":{"background-color":"var(--ast-global-color-5)","background-image":"","background-repeat":"repeat","background-position":"center center","background-size":"auto","background-attachment":"scroll","background-type":"","background-media":"","overlay-type":"","overlay-color":"","overlay-opacity":"","overlay-gradient":""},"mobile":{"background-color":"var(--ast-global-color-5)","background-image":"","background-repeat":"repeat","background-position":"center center","background-size":"auto","background-attachment":"scroll","background-type":"","background-media":"","overlay-type":"","overlay-color":"","overlay-opacity":"","overlay-gradient":""}},"yasr_overall_rating":5,"yasr_post_is_review":"","yasr_auto_insert_disabled":"","yasr_review_type":""},"product_brand":[],"product_cat":[17],"product_tag":[],"class_list":{"0":"post-1261","1":"product","2":"type-product","3":"status-publish","4":"has-post-thumbnail","6":"product_cat-products","7":"desktop-align-left","8":"tablet-align-left","9":"mobile-align-left","11":"first","12":"instock","13":"featured","14":"shipping-taxable","15":"product-type-simple"},"yasr_visitor_votes":{"stars_attributes":{"read_only":false,"span_bottom":false},"number_of_votes":1,"sum_votes":5},"yoast_head":"<!-- This site is optimized with the Yoast SEO plugin v24.9 - https:\/\/yoast.com\/wordpress\/plugins\/seo\/ -->\n<title>Avocado Pulp Extractor Processing Machine<\/title>\n<meta name=\"description\" content=\"Avocado pulping processing machine can process 500-1000kg\/h (customizable) to meet the needs of mass production, and its efficiency is more than 20 times that of traditional manual labor.\" \/>\n<meta name=\"robots\" content=\"index, follow, max-snippet:-1, max-image-preview:large, max-video-preview:-1\" \/>\n<link rel=\"canonical\" href=\"https:\/\/www.avocadoprocess.com\/es\/producto\/avocado-pulp-processing-machine\/\" \/>\n<meta property=\"og:locale\" content=\"es_ES\" \/>\n<meta property=\"og:type\" content=\"article\" \/>\n<meta property=\"og:title\" content=\"Avocado Pulp Extractor Processing Machine\" \/>\n<meta property=\"og:description\" content=\"Avocado pulping processing machine can process 500-1000kg\/h (customizable) to meet the needs of mass production, and its efficiency is more than 20 times that of traditional manual labor.\" \/>\n<meta property=\"og:url\" content=\"https:\/\/www.avocadoprocess.com\/es\/producto\/avocado-pulp-processing-machine\/\" \/>\n<meta property=\"og:site_name\" content=\"Avocado Processing Machine Plant Manufacturers\" \/>\n<meta property=\"article:modified_time\" content=\"2025-09-17T07:37:19+00:00\" \/>\n<meta property=\"og:image\" content=\"https:\/\/www.avocadoprocess.com\/wp-content\/uploads\/2025\/04\/avocado-pulping-machine.jpg\" \/>\n\t<meta property=\"og:image:width\" content=\"500\" \/>\n\t<meta property=\"og:image:height\" content=\"500\" \/>\n\t<meta property=\"og:image:type\" content=\"image\/jpeg\" \/>\n<meta name=\"twitter:card\" content=\"summary_large_image\" \/>\n<meta name=\"twitter:label1\" content=\"Tiempo de lectura\" \/>\n\t<meta name=\"twitter:data1\" content=\"2 minutos\" \/>\n<script type=\"application\/ld+json\" class=\"yoast-schema-graph\">{\"@context\":\"https:\/\/schema.org\",\"@graph\":[{\"@type\":\"WebPage\",\"@id\":\"https:\/\/www.avocadoprocess.com\/product\/avocado-pulp-processing-machine\/\",\"url\":\"https:\/\/www.avocadoprocess.com\/product\/avocado-pulp-processing-machine\/\",\"name\":\"Avocado Pulp Extractor Processing Machine\",\"isPartOf\":{\"@id\":\"https:\/\/www.avocadoprocess.com\/#website\"},\"primaryImageOfPage\":{\"@id\":\"https:\/\/www.avocadoprocess.com\/product\/avocado-pulp-processing-machine\/#primaryimage\"},\"image\":{\"@id\":\"https:\/\/www.avocadoprocess.com\/product\/avocado-pulp-processing-machine\/#primaryimage\"},\"thumbnailUrl\":\"https:\/\/www.avocadoprocess.com\/wp-content\/uploads\/2025\/04\/avocado-pulping-machine.jpg\",\"datePublished\":\"2025-04-24T06:35:26+00:00\",\"dateModified\":\"2025-09-17T07:37:19+00:00\",\"description\":\"Avocado pulping processing machine can process 500-1000kg\/h (customizable) to meet the needs of mass production, and its efficiency is more than 20 times that of traditional manual labor.\",\"breadcrumb\":{\"@id\":\"https:\/\/www.avocadoprocess.com\/product\/avocado-pulp-processing-machine\/#breadcrumb\"},\"inLanguage\":\"es\",\"potentialAction\":[{\"@type\":\"ReadAction\",\"target\":[\"https:\/\/www.avocadoprocess.com\/product\/avocado-pulp-processing-machine\/\"]}]},{\"@type\":\"ImageObject\",\"inLanguage\":\"es\",\"@id\":\"https:\/\/www.avocadoprocess.com\/product\/avocado-pulp-processing-machine\/#primaryimage\",\"url\":\"https:\/\/www.avocadoprocess.com\/wp-content\/uploads\/2025\/04\/avocado-pulping-machine.jpg\",\"contentUrl\":\"https:\/\/www.avocadoprocess.com\/wp-content\/uploads\/2025\/04\/avocado-pulping-machine.jpg\",\"width\":500,\"height\":500,\"caption\":\"avocado-pulping-machine\"},{\"@type\":\"BreadcrumbList\",\"@id\":\"https:\/\/www.avocadoprocess.com\/product\/avocado-pulp-processing-machine\/#breadcrumb\",\"itemListElement\":[{\"@type\":\"ListItem\",\"position\":1,\"name\":\"Home\",\"item\":\"https:\/\/www.avocadoprocess.com\/\"},{\"@type\":\"ListItem\",\"position\":2,\"name\":\"Product\",\"item\":\"https:\/\/www.avocadoprocess.com\/products\/\"},{\"@type\":\"ListItem\",\"position\":3,\"name\":\"Avocado Pulp Extractor Processing Machine\"}]},{\"@type\":\"WebSite\",\"@id\":\"https:\/\/www.avocadoprocess.com\/#website\",\"url\":\"https:\/\/www.avocadoprocess.com\/\",\"name\":\"Avocado Processing Machine Plant Manufacturers\",\"description\":\"\",\"potentialAction\":[{\"@type\":\"SearchAction\",\"target\":{\"@type\":\"EntryPoint\",\"urlTemplate\":\"https:\/\/www.avocadoprocess.com\/?s={search_term_string}\"},\"query-input\":{\"@type\":\"PropertyValueSpecification\",\"valueRequired\":true,\"valueName\":\"search_term_string\"}}],\"inLanguage\":\"es\"},false]}<\/script>\n<!-- \/ Yoast SEO plugin. -->","yoast_head_json":{"title":"M\u00e1quina procesadora extractora de pulpa de aguacate","description":"La m\u00e1quina procesadora de pulpa de aguacate puede procesar 500-1000kg\/h (personalizable) para satisfacer las necesidades de la producci\u00f3n en masa, y su eficiencia es m\u00e1s de 20 veces la del trabajo manual tradicional.","robots":{"index":"index","follow":"follow","max-snippet":"max-snippet:-1","max-image-preview":"max-image-preview:large","max-video-preview":"max-video-preview:-1"},"canonical":"https:\/\/www.avocadoprocess.com\/es\/producto\/avocado-pulp-processing-machine\/","og_locale":"es_ES","og_type":"article","og_title":"Avocado Pulp Extractor Processing Machine","og_description":"Avocado pulping processing machine can process 500-1000kg\/h (customizable) to meet the needs of mass production, and its efficiency is more than 20 times that of traditional manual labor.","og_url":"https:\/\/www.avocadoprocess.com\/es\/producto\/avocado-pulp-processing-machine\/","og_site_name":"Avocado Processing Machine Plant Manufacturers","article_modified_time":"2025-09-17T07:37:19+00:00","og_image":[{"width":500,"height":500,"url":"https:\/\/www.avocadoprocess.com\/wp-content\/uploads\/2025\/04\/avocado-pulping-machine.jpg","type":"image\/jpeg"}],"twitter_card":"summary_large_image","twitter_misc":{"Tiempo de lectura":"2 minutos"},"schema":{"@context":"https:\/\/schema.org","@graph":[{"@type":"WebPage","@id":"https:\/\/www.avocadoprocess.com\/product\/avocado-pulp-processing-machine\/","url":"https:\/\/www.avocadoprocess.com\/product\/avocado-pulp-processing-machine\/","name":"M\u00e1quina procesadora extractora de pulpa de aguacate","isPartOf":{"@id":"https:\/\/www.avocadoprocess.com\/#website"},"primaryImageOfPage":{"@id":"https:\/\/www.avocadoprocess.com\/product\/avocado-pulp-processing-machine\/#primaryimage"},"image":{"@id":"https:\/\/www.avocadoprocess.com\/product\/avocado-pulp-processing-machine\/#primaryimage"},"thumbnailUrl":"https:\/\/www.avocadoprocess.com\/wp-content\/uploads\/2025\/04\/avocado-pulping-machine.jpg","datePublished":"2025-04-24T06:35:26+00:00","dateModified":"2025-09-17T07:37:19+00:00","description":"La m\u00e1quina procesadora de pulpa de aguacate puede procesar 500-1000kg\/h (personalizable) para satisfacer las necesidades de la producci\u00f3n en masa, y su eficiencia es m\u00e1s de 20 veces la del trabajo manual tradicional.","breadcrumb":{"@id":"https:\/\/www.avocadoprocess.com\/product\/avocado-pulp-processing-machine\/#breadcrumb"},"inLanguage":"es","potentialAction":[{"@type":"ReadAction","target":["https:\/\/www.avocadoprocess.com\/product\/avocado-pulp-processing-machine\/"]}]},{"@type":"ImageObject","inLanguage":"es","@id":"https:\/\/www.avocadoprocess.com\/product\/avocado-pulp-processing-machine\/#primaryimage","url":"https:\/\/www.avocadoprocess.com\/wp-content\/uploads\/2025\/04\/avocado-pulping-machine.jpg","contentUrl":"https:\/\/www.avocadoprocess.com\/wp-content\/uploads\/2025\/04\/avocado-pulping-machine.jpg","width":500,"height":500,"caption":"avocado-pulping-machine"},{"@type":"BreadcrumbList","@id":"https:\/\/www.avocadoprocess.com\/product\/avocado-pulp-processing-machine\/#breadcrumb","itemListElement":[{"@type":"ListItem","position":1,"name":"Home","item":"https:\/\/www.avocadoprocess.com\/"},{"@type":"ListItem","position":2,"name":"Product","item":"https:\/\/www.avocadoprocess.com\/products\/"},{"@type":"ListItem","position":3,"name":"Avocado Pulp Extractor Processing Machine"}]},{"@type":"WebSite","@id":"https:\/\/www.avocadoprocess.com\/#website","url":"https:\/\/www.avocadoprocess.com\/","name":"Planta procesadora de aguacate Fabricantes","description":"","potentialAction":[{"@type":"SearchAction","target":{"@type":"EntryPoint","urlTemplate":"https:\/\/www.avocadoprocess.com\/?s={search_term_string}"},"query-input":{"@type":"PropertyValueSpecification","valueRequired":true,"valueName":"search_term_string"}}],"inLanguage":"es"},false]}},"_links":{"self":[{"href":"https:\/\/www.avocadoprocess.com\/es\/wp-json\/wp\/v2\/product\/1261","targetHints":{"allow":["GET"]}}],"collection":[{"href":"https:\/\/www.avocadoprocess.com\/es\/wp-json\/wp\/v2\/product"}],"about":[{"href":"https:\/\/www.avocadoprocess.com\/es\/wp-json\/wp\/v2\/types\/product"}],"replies":[{"embeddable":true,"href":"https:\/\/www.avocadoprocess.com\/es\/wp-json\/wp\/v2\/comments?post=1261"}],"wp:featuredmedia":[{"embeddable":true,"href":"https:\/\/www.avocadoprocess.com\/es\/wp-json\/wp\/v2\/media\/1264"}],"wp:attachment":[{"href":"https:\/\/www.avocadoprocess.com\/es\/wp-json\/wp\/v2\/media?parent=1261"}],"wp:term":[{"taxonomy":"product_brand","embeddable":true,"href":"https:\/\/www.avocadoprocess.com\/es\/wp-json\/wp\/v2\/product_brand?post=1261"},{"taxonomy":"product_cat","embeddable":true,"href":"https:\/\/www.avocadoprocess.com\/es\/wp-json\/wp\/v2\/product_cat?post=1261"},{"taxonomy":"product_tag","embeddable":true,"href":"https:\/\/www.avocadoprocess.com\/es\/wp-json\/wp\/v2\/product_tag?post=1261"}],"curies":[{"name":"wp","href":"https:\/\/api.w.org\/{rel}","templated":true}]}}