{"id":1247,"date":"2025-04-23T09:34:16","date_gmt":"2025-04-23T09:34:16","guid":{"rendered":"https:\/\/www.avocadoprocess.com\/?post_type=product&#038;p=1247"},"modified":"2025-09-17T15:51:19","modified_gmt":"2025-09-17T07:51:19","slug":"avocado-waxing-machine","status":"publish","type":"product","link":"https:\/\/www.avocadoprocess.com\/fr\/produit\/avocado-waxing-machine\/","title":{"rendered":"Fournisseur de machines \u00e0 cirer les avocats"},"content":{"rendered":"<p>Notre machine \u00e0 cirer les avocats utilise une cha\u00eene d'assemblage enti\u00e8rement automatique pour r\u00e9aliser un nettoyage, un polissage, un cirage et un s\u00e9chage int\u00e9gr\u00e9s, prolongeant la dur\u00e9e de conservation de plus de 30% et augmentant de mani\u00e8re significative la qualit\u00e9 du produit. Il s'agit d'un \u00e9quipement indispensable pour les exportateurs d'avocats frais.<\/p>\n<h2>Avantages de la machine \u00e0 \u00e9piler les avocats<\/h2>\n<p>Fonctionnement efficace : L'automatisation permet de traiter un grand nombre d'avocats par unit\u00e9 de temps, ce qui am\u00e9liore consid\u00e9rablement l'efficacit\u00e9 de la production et r\u00e9pond aux besoins de traitement \u00e0 grande \u00e9chelle.<\/p>\n<p>Cire liquide uniforme : L'\u00e9quipement d'\u00e9pilation des avocats adopte une technologie avanc\u00e9e de pulv\u00e9risation ou d'enrobage de la cire pour garantir que la cire liquide sur la surface de chaque avocat est uniform\u00e9ment r\u00e9partie, sans omission ni accumulation, afin d'assurer une brillance constante de l'apparence du fruit.<\/p>\n<p>Fra\u00eecheur prolong\u00e9e : En emp\u00eachant l'air d'entrer en contact avec le fruit, en ralentissant l'\u00e9vaporation de l'eau et en inhibant l'invasion microbienne, la dur\u00e9e de conservation des avocats est prolong\u00e9e de mani\u00e8re efficace et les pertes sont r\u00e9duites.<\/p>\n<p><img fetchpriority=\"high\" decoding=\"async\" class=\"alignnone size-full wp-image-1248\" src=\"https:\/\/www.avocadoprocess.com\/wp-content\/uploads\/2025\/04\/Avocado-waxing-equipment.jpg\" alt=\"Mat\u00e9riel de cirage pour avocats\" width=\"660\" height=\"400\" srcset=\"https:\/\/www.avocadoprocess.com\/wp-content\/uploads\/2025\/04\/Avocado-waxing-equipment.jpg 660w, https:\/\/www.avocadoprocess.com\/wp-content\/uploads\/2025\/04\/Avocado-waxing-equipment-300x182.jpg 300w, https:\/\/www.avocadoprocess.com\/wp-content\/uploads\/2025\/04\/Avocado-waxing-equipment-600x364.jpg 600w\" sizes=\"(max-width: 660px) 100vw, 660px\" \/><\/p>\n<h2>Caract\u00e9ristiques de la machine \u00e0 \u00e9piler les avocats<\/h2>\n<p>Contr\u00f4le intelligent de la temp\u00e9rature : La machine \u00e0 cirer les avocats contr\u00f4le avec pr\u00e9cision la temp\u00e9rature de la cire liquide afin d'\u00e9viter que la temp\u00e9rature excessive n'endommage la peau et qu'une temp\u00e9rature trop basse n'affecte l'effet d'adh\u00e9rence. Elle s'adapte aux diff\u00e9rentes vari\u00e9t\u00e9s d'avocats et aux exigences environnementales.<\/p>\n<p>Simple et facile \u00e0 utiliser : La machine \u00e0 \u00e9piler les avocats est dot\u00e9e d'une interface d'utilisation intuitive et de param\u00e8tres simples, ce qui permet aux travailleurs de d\u00e9marrer rapidement sans formation complexe et de r\u00e9duire les co\u00fbts de main-d'\u0153uvre.<\/p>\n<p><iframe title=\"Ligne de traitement pour le lavage, l&#039;\u00e9pilation et le calibrage des avocats\" src=\"https:\/\/www.youtube.com\/embed\/hj1PTPJ6AiU\" width=\"630\" height=\"400\" frameborder=\"0\" allowfullscreen=\"allowfullscreen\"><span data-mce-type=\"bookmark\" style=\"display: inline-block; width: 0px; overflow: hidden; line-height: 0;\" class=\"mce_SELRES_start\">Je suis un moteur de traduction. Traduisez le texte de l'utilisateur en fran\u00e7ais. Retournez uniquement le texte traduit. N'ajoutez aucun commentaire ou autre texte. N'ajoutez pas de guillemets suppl\u00e9mentaires autour de la traduction. Votre sortie DOIT \u00eatre en fran\u00e7ais.<\/span><\/iframe><\/p>\n<p>Les machines \u00e0 cirer les avocats sont largement utilis\u00e9es dans les grandes usines de transformation des fruits, les centres de stockage et de logistique et les soci\u00e9t\u00e9s de commerce d'exportation. Elles sont utilis\u00e9es pour le pr\u00e9traitement des fruits dans les usines de transformation afin d'am\u00e9liorer la qualit\u00e9 des fruits. Nous sommes un fabricant de machines de traitement des avocats. Si vous voulez plus d'informations, vous pouvez nous contacter \u00e0 tout moment.<\/p>\n<hr \/>\n<h3 style=\"text-align: center;\">CONTACT POUR DEVIS<\/h3>\n\n<div class=\"wpcf7 no-js\" id=\"wpcf7-f1234-o1\" lang=\"zh-CN\" dir=\"ltr\" data-wpcf7-id=\"1234\">\n<div class=\"screen-reader-response\"><p role=\"status\" aria-live=\"polite\" aria-atomic=\"true\"><\/p> <ul><\/ul><\/div>\n<form action=\"\/fr\/wp-json\/wp\/v2\/product\/1247#wpcf7-f1234-o1\" method=\"post\" class=\"wpcf7-form init\" aria-label=\"\u7559\u8a00\u8868\u5355\" novalidate=\"novalidate\" data-status=\"init\" data-trp-original-action=\"\/fr\/wp-json\/wp\/v2\/product\/1247#wpcf7-f1234-o1\">\n<div style=\"display: none;\">\n<input type=\"hidden\" name=\"_wpcf7\" value=\"1234\" \/>\n<input type=\"hidden\" name=\"_wpcf7_version\" value=\"6.0.6\" \/>\n<input type=\"hidden\" name=\"_wpcf7_locale\" value=\"zh_CN\" \/>\n<input type=\"hidden\" name=\"_wpcf7_unit_tag\" value=\"wpcf7-f1234-o1\" \/>\n<input type=\"hidden\" name=\"_wpcf7_container_post\" value=\"0\" \/>\n<input type=\"hidden\" name=\"_wpcf7_posted_data_hash\" value=\"\" \/>\n<\/div>\n<p><label> Votre nom<br \/>\n<span class=\"wpcf7-form-control-wrap\" data-name=\"your-name\"><input size=\"40\" maxlength=\"400\" class=\"wpcf7-form-control wpcf7-text\" aria-invalid=\"false\" value=\"\" type=\"text\" name=\"your-name\" \/><\/span> <\/label>\n<\/p>\n<p><label> *Votre Email<br \/>\n<span class=\"wpcf7-form-control-wrap\" data-name=\"your-email\"><input size=\"40\" maxlength=\"400\" class=\"wpcf7-form-control wpcf7-email wpcf7-validates-as-required wpcf7-text wpcf7-validates-as-email\" aria-required=\"true\" aria-invalid=\"false\" value=\"\" type=\"email\" name=\"your-email\" \/><\/span> <\/label>\n<\/p>\n<p><label> Votre t\u00e9l\u00e9phone<br \/>\n<span class=\"wpcf7-form-control-wrap\" data-name=\"tel-578\"><input size=\"40\" maxlength=\"400\" class=\"wpcf7-form-control wpcf7-tel wpcf7-text wpcf7-validates-as-tel\" aria-invalid=\"false\" value=\"\" type=\"tel\" name=\"tel-578\" \/><\/span> <\/label>\n<\/p>\n<p><label> *Votre pays<br \/>\n<span class=\"wpcf7-form-control-wrap\" data-name=\"your-country\"><input size=\"40\" maxlength=\"400\" class=\"wpcf7-form-control wpcf7-text wpcf7-validates-as-required\" aria-required=\"true\" aria-invalid=\"false\" value=\"\" type=\"text\" name=\"your-country\" \/><\/span> <\/label>\n<\/p>\n<p><label> Nom de l'entreprise<br \/>\n<span class=\"wpcf7-form-control-wrap\" data-name=\"Company-Name\"><input size=\"40\" maxlength=\"400\" class=\"wpcf7-form-control wpcf7-text\" aria-invalid=\"false\" value=\"\" type=\"text\" name=\"Company-Name\" \/><\/span> <\/label>\n<\/p>\n<p><label> Votre site web<br \/>\n<span class=\"wpcf7-form-control-wrap\" data-name=\"your-website\"><input size=\"40\" maxlength=\"400\" class=\"wpcf7-form-control wpcf7-text\" aria-invalid=\"false\" value=\"\" type=\"text\" name=\"your-website\" \/><\/span> <\/label>\n<\/p>\n<p><label> *Votre message<br \/>\n<span class=\"wpcf7-form-control-wrap\" data-name=\"your-message\"><textarea cols=\"40\" rows=\"10\" maxlength=\"2000\" class=\"wpcf7-form-control wpcf7-textarea wpcf7-validates-as-required\" aria-required=\"true\" aria-invalid=\"false\" name=\"your-message\"><\/textarea><\/span> <\/label>\n<\/p>\n<div style='clear:both'>\n<\/div>\n<p><input class=\"wpcf7-form-control wpcf7-submit has-spinner\" type=\"submit\" value=\"Envoyer\" \/>\n<\/p>\n<div style='clear:both'>\n<\/div><div class=\"wpcf7-response-output\" aria-hidden=\"true\"><\/div>\n<input type=\"hidden\" name=\"trp-form-language\" value=\"fr\"\/><\/form>\n<\/div>\n\n<div style='text-align:left' class='yasr-auto-insert-visitor'><\/div>","protected":false},"excerpt":{"rendered":"<p>Our avocado waxing machine uses a fully automatic assembly line process to achieve integrated cleaning, polishing, waxing and drying, extending the shelf life by more than 30% and significantly increasing the product premium. It is an indispensable equipment for fresh avocado exporters. Avocado Waxing Machine Advantage Efficient operation: Automated operation can process a large number [&hellip;]<\/p>","protected":false},"featured_media":1249,"comment_status":"open","ping_status":"closed","template":"","meta":{"_surecart_dashboard_logo_width":"180px","_surecart_dashboard_show_logo":true,"_surecart_dashboard_navigation_orders":true,"_surecart_dashboard_navigation_invoices":true,"_surecart_dashboard_navigation_subscriptions":true,"_surecart_dashboard_navigation_downloads":true,"_surecart_dashboard_navigation_billing":true,"_surecart_dashboard_navigation_account":true,"site-sidebar-layout":"default","site-content-layout":"","ast-site-content-layout":"default","site-content-style":"default","site-sidebar-style":"default","ast-global-header-display":"","ast-banner-title-visibility":"","ast-main-header-display":"","ast-hfb-above-header-display":"","ast-hfb-below-header-display":"","ast-hfb-mobile-header-display":"","site-post-title":"","ast-breadcrumbs-content":"","ast-featured-img":"","footer-sml-layout":"","theme-transparent-header-meta":"default","adv-header-id-meta":"","stick-header-meta":"","header-above-stick-meta":"","header-main-stick-meta":"","header-below-stick-meta":"","astra-migrate-meta-layouts":"set","ast-page-background-enabled":"default","ast-page-background-meta":{"desktop":{"background-color":"var(--ast-global-color-4)","background-image":"","background-repeat":"repeat","background-position":"center center","background-size":"auto","background-attachment":"scroll","background-type":"","background-media":"","overlay-type":"","overlay-color":"","overlay-opacity":"","overlay-gradient":""},"tablet":{"background-color":"","background-image":"","background-repeat":"repeat","background-position":"center center","background-size":"auto","background-attachment":"scroll","background-type":"","background-media":"","overlay-type":"","overlay-color":"","overlay-opacity":"","overlay-gradient":""},"mobile":{"background-color":"","background-image":"","background-repeat":"repeat","background-position":"center center","background-size":"auto","background-attachment":"scroll","background-type":"","background-media":"","overlay-type":"","overlay-color":"","overlay-opacity":"","overlay-gradient":""}},"ast-content-background-meta":{"desktop":{"background-color":"var(--ast-global-color-5)","background-image":"","background-repeat":"repeat","background-position":"center center","background-size":"auto","background-attachment":"scroll","background-type":"","background-media":"","overlay-type":"","overlay-color":"","overlay-opacity":"","overlay-gradient":""},"tablet":{"background-color":"var(--ast-global-color-5)","background-image":"","background-repeat":"repeat","background-position":"center center","background-size":"auto","background-attachment":"scroll","background-type":"","background-media":"","overlay-type":"","overlay-color":"","overlay-opacity":"","overlay-gradient":""},"mobile":{"background-color":"var(--ast-global-color-5)","background-image":"","background-repeat":"repeat","background-position":"center center","background-size":"auto","background-attachment":"scroll","background-type":"","background-media":"","overlay-type":"","overlay-color":"","overlay-opacity":"","overlay-gradient":""}},"yasr_overall_rating":5,"yasr_post_is_review":"","yasr_auto_insert_disabled":"","yasr_review_type":""},"product_brand":[],"product_cat":[17],"product_tag":[],"class_list":{"0":"post-1247","1":"product","2":"type-product","3":"status-publish","4":"has-post-thumbnail","6":"product_cat-products","7":"desktop-align-left","8":"tablet-align-left","9":"mobile-align-left","11":"first","12":"instock","13":"shipping-taxable","14":"product-type-simple"},"yasr_visitor_votes":{"stars_attributes":{"read_only":false,"span_bottom":false},"number_of_votes":1,"sum_votes":5},"yoast_head":"<!-- This site is optimized with the Yoast SEO plugin v24.9 - https:\/\/yoast.com\/wordpress\/plugins\/seo\/ -->\n<title>Avocado Waxing Machine Supplier<\/title>\n<meta name=\"description\" content=\"Our avocado waxing machine uses a fully automatic assembly line process to achieve integrated cleaning, polishing, waxing and drying, extending the shelf life by more than 30%.\" \/>\n<meta name=\"robots\" content=\"index, follow, max-snippet:-1, max-image-preview:large, max-video-preview:-1\" \/>\n<link rel=\"canonical\" href=\"https:\/\/www.avocadoprocess.com\/fr\/produit\/avocado-waxing-machine\/\" \/>\n<meta property=\"og:locale\" content=\"fr_FR\" \/>\n<meta property=\"og:type\" content=\"article\" \/>\n<meta property=\"og:title\" content=\"Avocado Waxing Machine Supplier\" \/>\n<meta property=\"og:description\" content=\"Our avocado waxing machine uses a fully automatic assembly line process to achieve integrated cleaning, polishing, waxing and drying, extending the shelf life by more than 30%.\" \/>\n<meta property=\"og:url\" content=\"https:\/\/www.avocadoprocess.com\/fr\/produit\/avocado-waxing-machine\/\" \/>\n<meta property=\"og:site_name\" content=\"Avocado Processing Machine Plant Manufacturers\" \/>\n<meta property=\"article:modified_time\" content=\"2025-09-17T07:51:19+00:00\" \/>\n<meta property=\"og:image\" content=\"https:\/\/www.avocadoprocess.com\/wp-content\/uploads\/2025\/04\/Avocado-waxing-maachine.jpg\" \/>\n\t<meta property=\"og:image:width\" content=\"500\" \/>\n\t<meta property=\"og:image:height\" content=\"500\" \/>\n\t<meta property=\"og:image:type\" content=\"image\/jpeg\" \/>\n<meta name=\"twitter:card\" content=\"summary_large_image\" \/>\n<meta name=\"twitter:label1\" content=\"Dur\u00e9e de lecture estim\u00e9e\" \/>\n\t<meta name=\"twitter:data1\" content=\"2 minutes\" \/>\n<script type=\"application\/ld+json\" class=\"yoast-schema-graph\">{\"@context\":\"https:\/\/schema.org\",\"@graph\":[{\"@type\":\"WebPage\",\"@id\":\"https:\/\/www.avocadoprocess.com\/product\/avocado-waxing-machine\/\",\"url\":\"https:\/\/www.avocadoprocess.com\/product\/avocado-waxing-machine\/\",\"name\":\"Avocado Waxing Machine Supplier\",\"isPartOf\":{\"@id\":\"https:\/\/www.avocadoprocess.com\/#website\"},\"primaryImageOfPage\":{\"@id\":\"https:\/\/www.avocadoprocess.com\/product\/avocado-waxing-machine\/#primaryimage\"},\"image\":{\"@id\":\"https:\/\/www.avocadoprocess.com\/product\/avocado-waxing-machine\/#primaryimage\"},\"thumbnailUrl\":\"https:\/\/www.avocadoprocess.com\/wp-content\/uploads\/2025\/04\/Avocado-waxing-maachine.jpg\",\"datePublished\":\"2025-04-23T09:34:16+00:00\",\"dateModified\":\"2025-09-17T07:51:19+00:00\",\"description\":\"Our avocado waxing machine uses a fully automatic assembly line process to achieve integrated cleaning, polishing, waxing and drying, extending the shelf life by more than 30%.\",\"breadcrumb\":{\"@id\":\"https:\/\/www.avocadoprocess.com\/product\/avocado-waxing-machine\/#breadcrumb\"},\"inLanguage\":\"fr-FR\",\"potentialAction\":[{\"@type\":\"ReadAction\",\"target\":[\"https:\/\/www.avocadoprocess.com\/product\/avocado-waxing-machine\/\"]}]},{\"@type\":\"ImageObject\",\"inLanguage\":\"fr-FR\",\"@id\":\"https:\/\/www.avocadoprocess.com\/product\/avocado-waxing-machine\/#primaryimage\",\"url\":\"https:\/\/www.avocadoprocess.com\/wp-content\/uploads\/2025\/04\/Avocado-waxing-maachine.jpg\",\"contentUrl\":\"https:\/\/www.avocadoprocess.com\/wp-content\/uploads\/2025\/04\/Avocado-waxing-maachine.jpg\",\"width\":500,\"height\":500,\"caption\":\"Avocado-waxing-maachine\"},{\"@type\":\"BreadcrumbList\",\"@id\":\"https:\/\/www.avocadoprocess.com\/product\/avocado-waxing-machine\/#breadcrumb\",\"itemListElement\":[{\"@type\":\"ListItem\",\"position\":1,\"name\":\"Home\",\"item\":\"https:\/\/www.avocadoprocess.com\/\"},{\"@type\":\"ListItem\",\"position\":2,\"name\":\"Product\",\"item\":\"https:\/\/www.avocadoprocess.com\/products\/\"},{\"@type\":\"ListItem\",\"position\":3,\"name\":\"Avocado Waxing Machine Supplier\"}]},{\"@type\":\"WebSite\",\"@id\":\"https:\/\/www.avocadoprocess.com\/#website\",\"url\":\"https:\/\/www.avocadoprocess.com\/\",\"name\":\"Avocado Processing Machine Plant Manufacturers\",\"description\":\"\",\"potentialAction\":[{\"@type\":\"SearchAction\",\"target\":{\"@type\":\"EntryPoint\",\"urlTemplate\":\"https:\/\/www.avocadoprocess.com\/?s={search_term_string}\"},\"query-input\":{\"@type\":\"PropertyValueSpecification\",\"valueRequired\":true,\"valueName\":\"search_term_string\"}}],\"inLanguage\":\"fr-FR\"},false]}<\/script>\n<!-- \/ Yoast SEO plugin. -->","yoast_head_json":{"title":"Fournisseur de machines \u00e0 cirer les avocats","description":"Notre machine \u00e0 cirer les avocats utilise une cha\u00eene d'assemblage enti\u00e8rement automatique pour r\u00e9aliser le nettoyage, le polissage, le cirage et le s\u00e9chage int\u00e9gr\u00e9s, prolongeant ainsi la dur\u00e9e de conservation de plus de 30%.","robots":{"index":"index","follow":"follow","max-snippet":"max-snippet:-1","max-image-preview":"max-image-preview:large","max-video-preview":"max-video-preview:-1"},"canonical":"https:\/\/www.avocadoprocess.com\/fr\/produit\/avocado-waxing-machine\/","og_locale":"fr_FR","og_type":"article","og_title":"Avocado Waxing Machine Supplier","og_description":"Our avocado waxing machine uses a fully automatic assembly line process to achieve integrated cleaning, polishing, waxing and drying, extending the shelf life by more than 30%.","og_url":"https:\/\/www.avocadoprocess.com\/fr\/produit\/avocado-waxing-machine\/","og_site_name":"Avocado Processing Machine Plant Manufacturers","article_modified_time":"2025-09-17T07:51:19+00:00","og_image":[{"width":500,"height":500,"url":"https:\/\/www.avocadoprocess.com\/wp-content\/uploads\/2025\/04\/Avocado-waxing-maachine.jpg","type":"image\/jpeg"}],"twitter_card":"summary_large_image","twitter_misc":{"Dur\u00e9e de lecture estim\u00e9e":"2 minutes"},"schema":{"@context":"https:\/\/schema.org","@graph":[{"@type":"WebPage","@id":"https:\/\/www.avocadoprocess.com\/product\/avocado-waxing-machine\/","url":"https:\/\/www.avocadoprocess.com\/product\/avocado-waxing-machine\/","name":"Fournisseur de machines \u00e0 cirer les avocats","isPartOf":{"@id":"https:\/\/www.avocadoprocess.com\/#website"},"primaryImageOfPage":{"@id":"https:\/\/www.avocadoprocess.com\/product\/avocado-waxing-machine\/#primaryimage"},"image":{"@id":"https:\/\/www.avocadoprocess.com\/product\/avocado-waxing-machine\/#primaryimage"},"thumbnailUrl":"https:\/\/www.avocadoprocess.com\/wp-content\/uploads\/2025\/04\/Avocado-waxing-maachine.jpg","datePublished":"2025-04-23T09:34:16+00:00","dateModified":"2025-09-17T07:51:19+00:00","description":"Notre machine \u00e0 cirer les avocats utilise une cha\u00eene d'assemblage enti\u00e8rement automatique pour r\u00e9aliser le nettoyage, le polissage, le cirage et le s\u00e9chage int\u00e9gr\u00e9s, prolongeant ainsi la dur\u00e9e de conservation de plus de 30%.","breadcrumb":{"@id":"https:\/\/www.avocadoprocess.com\/product\/avocado-waxing-machine\/#breadcrumb"},"inLanguage":"fr-FR","potentialAction":[{"@type":"ReadAction","target":["https:\/\/www.avocadoprocess.com\/product\/avocado-waxing-machine\/"]}]},{"@type":"ImageObject","inLanguage":"fr-FR","@id":"https:\/\/www.avocadoprocess.com\/product\/avocado-waxing-machine\/#primaryimage","url":"https:\/\/www.avocadoprocess.com\/wp-content\/uploads\/2025\/04\/Avocado-waxing-maachine.jpg","contentUrl":"https:\/\/www.avocadoprocess.com\/wp-content\/uploads\/2025\/04\/Avocado-waxing-maachine.jpg","width":500,"height":500,"caption":"Avocado-waxing-maachine"},{"@type":"BreadcrumbList","@id":"https:\/\/www.avocadoprocess.com\/product\/avocado-waxing-machine\/#breadcrumb","itemListElement":[{"@type":"ListItem","position":1,"name":"Home","item":"https:\/\/www.avocadoprocess.com\/"},{"@type":"ListItem","position":2,"name":"Product","item":"https:\/\/www.avocadoprocess.com\/products\/"},{"@type":"ListItem","position":3,"name":"Avocado Waxing Machine Supplier"}]},{"@type":"WebSite","@id":"https:\/\/www.avocadoprocess.com\/#website","url":"https:\/\/www.avocadoprocess.com\/","name":"Usine de transformation d'avocats Fabricants","description":"","potentialAction":[{"@type":"SearchAction","target":{"@type":"EntryPoint","urlTemplate":"https:\/\/www.avocadoprocess.com\/?s={search_term_string}"},"query-input":{"@type":"PropertyValueSpecification","valueRequired":true,"valueName":"search_term_string"}}],"inLanguage":"fr-FR"},false]}},"_links":{"self":[{"href":"https:\/\/www.avocadoprocess.com\/fr\/wp-json\/wp\/v2\/product\/1247","targetHints":{"allow":["GET"]}}],"collection":[{"href":"https:\/\/www.avocadoprocess.com\/fr\/wp-json\/wp\/v2\/product"}],"about":[{"href":"https:\/\/www.avocadoprocess.com\/fr\/wp-json\/wp\/v2\/types\/product"}],"replies":[{"embeddable":true,"href":"https:\/\/www.avocadoprocess.com\/fr\/wp-json\/wp\/v2\/comments?post=1247"}],"wp:featuredmedia":[{"embeddable":true,"href":"https:\/\/www.avocadoprocess.com\/fr\/wp-json\/wp\/v2\/media\/1249"}],"wp:attachment":[{"href":"https:\/\/www.avocadoprocess.com\/fr\/wp-json\/wp\/v2\/media?parent=1247"}],"wp:term":[{"taxonomy":"product_brand","embeddable":true,"href":"https:\/\/www.avocadoprocess.com\/fr\/wp-json\/wp\/v2\/product_brand?post=1247"},{"taxonomy":"product_cat","embeddable":true,"href":"https:\/\/www.avocadoprocess.com\/fr\/wp-json\/wp\/v2\/product_cat?post=1247"},{"taxonomy":"product_tag","embeddable":true,"href":"https:\/\/www.avocadoprocess.com\/fr\/wp-json\/wp\/v2\/product_tag?post=1247"}],"curies":[{"name":"wp","href":"https:\/\/api.w.org\/{rel}","templated":true}]}}