{"id":1261,"date":"2025-04-24T06:35:26","date_gmt":"2025-04-24T06:35:26","guid":{"rendered":"https:\/\/www.avocadoprocess.com\/?post_type=product&#038;p=1261"},"modified":"2025-09-17T15:37:19","modified_gmt":"2025-09-17T07:37:19","slug":"avocado-pulp-processing-machine","status":"publish","type":"product","link":"https:\/\/www.avocadoprocess.com\/fr\/produit\/avocado-pulp-processing-machine\/","title":{"rendered":"Machine \u00e0 extraire la pulpe d'avocat"},"content":{"rendered":"<p>La machine de traitement de la pulpe d'avocat est un \u00e9quipement automatis\u00e9 con\u00e7u pour la production \u00e0 grande \u00e9chelle. Gr\u00e2ce \u00e0 un processus d'op\u00e9ration intelligent, il peut rapidement transformer l'avocat frais en pulpe au go\u00fbt doux et \u00e0 la qualit\u00e9 stable. Cette machine de d\u00e9pulpage d'avocat convient \u00e0 une vari\u00e9t\u00e9 de sc\u00e9narios d'application tels que les usines de transformation alimentaire, les entreprises de restauration en cha\u00eene, les fabricants de sauces, etc.<\/p>\n<h2>Avantages de la machine de traitement de la pulpe d'avocat<\/h2>\n<ul>\n<li>Capacit\u00e9 de production \u00e0 haut rendement, r\u00e9duction des co\u00fbts et am\u00e9lioration de l'efficacit\u00e9<\/li>\n<\/ul>\n<p>La machine de d\u00e9pulpage d'avocats peut traiter de 500 \u00e0 1000 kg\/h (personnalisable) pour r\u00e9pondre aux besoins de la production de masse, et son efficacit\u00e9 est plus de 20 fois sup\u00e9rieure \u00e0 celle du travail manuel traditionnel. Le fonctionnement enti\u00e8rement automatis\u00e9 de la ligne d'assemblage r\u00e9duit les interventions manuelles et permet d'\u00e9conomiser plus de 60% de co\u00fbts de main-d'\u0153uvre.<\/p>\n<ul>\n<li>Qualit\u00e9 sup\u00e9rieure, go\u00fbt constant<\/li>\n<\/ul>\n<p>L'extracteur de pulpe d'avocat adopte la technologie du pressage physique pour conserver la nutrition naturelle et la saveur fra\u00eeche de l'avocat, et la sauce est d\u00e9licate et exempte de particules.<\/p>\n<ul>\n<li>Intelligent et pratique, fonctionnement et entretien sans souci<\/li>\n<\/ul>\n<p>L'utilisation d'un seul bouton sur l'\u00e9cran tactile permet de r\u00e9gler librement les param\u00e8tres (tels que la consistance de la sauce et la taille des particules). Conception modulaire, d\u00e9montage et nettoyage faciles, faible taux de d\u00e9faillance et co\u00fbt de maintenance extr\u00eamement bas.<\/p>\n<p><img fetchpriority=\"high\" decoding=\"async\" class=\"alignnone size-full wp-image-1263 aligncenter\" src=\"https:\/\/www.avocadoprocess.com\/wp-content\/uploads\/2025\/04\/Avocado-pulping-and-refining-machine.jpg\" alt=\"Machine \u00e0 d\u00e9pulper et \u00e0 raffiner l&#039;avocat\" width=\"660\" height=\"400\" srcset=\"https:\/\/www.avocadoprocess.com\/wp-content\/uploads\/2025\/04\/Avocado-pulping-and-refining-machine.jpg 660w, https:\/\/www.avocadoprocess.com\/wp-content\/uploads\/2025\/04\/Avocado-pulping-and-refining-machine-300x182.jpg 300w, https:\/\/www.avocadoprocess.com\/wp-content\/uploads\/2025\/04\/Avocado-pulping-and-refining-machine-600x364.jpg 600w\" sizes=\"(max-width: 660px) 100vw, 660px\" \/><\/p>\n<h2>Caract\u00e9ristiques de l'extracteur de pulpe d'avocat<\/h2>\n<p>Technologie de broyage \u00e0 fr\u00e9quence variable : la machine de d\u00e9pulpage d'avocats permet d'ajuster la finesse de broyage \u00e0 plusieurs vitesses. Elle convient aux sauces salade, aux sauces de trempage, aux aliments pour b\u00e9b\u00e9s et \u00e0 d'autres besoins diff\u00e9rents.<\/p>\n<p>Conception \u00e9conome en \u00e9nergie et respectueuse de l'environnement : La consommation d'\u00e9nergie de l'extracteur de pulpe d'avocat est inf\u00e9rieure de 30% \u00e0 la norme industrielle, les eaux us\u00e9es et les r\u00e9sidus de d\u00e9chets sont automatiquement recycl\u00e9s et trait\u00e9s, et la production est \u00e9cologique.<\/p>\n<p>Service personnalis\u00e9 : am\u00e9lioration de la capacit\u00e9, ajustement des sp\u00e9cifications de remplissage, adaptation de la formule (par exemple, ajout d'un assaisonnement) et autres besoins personnalis\u00e9s.<\/p>\n<h2>Pourquoi nous choisir ?<\/h2>\n<p>\u2705 10 ans d'accumulation de technologies : au service de plus de 200 entreprises dans le monde, et exportation d'\u00e9quipements vers l'Europe, l'Am\u00e9rique, l'Asie du Sud-Est et d'autres pays.<br \/>\n\u2705 Service d'assistance complet : d\u00e9bogage gratuit des processus, formation technique et conseils pour l'optimisation des formules.<br \/>\n\u2705 Un engagement apr\u00e8s-vente sans souci : r\u00e9ponse dans les 24 heures, remplacement \u00e0 vie des pi\u00e8ces de rechange et services de mise \u00e0 niveau.<\/p>\n<hr \/>\n<h3 style=\"text-align: center;\">CONTACT POUR DEVIS<\/h3>\n\n<div class=\"wpcf7 no-js\" id=\"wpcf7-f1234-o1\" lang=\"zh-CN\" dir=\"ltr\" data-wpcf7-id=\"1234\">\n<div class=\"screen-reader-response\"><p role=\"status\" aria-live=\"polite\" aria-atomic=\"true\"><\/p> <ul><\/ul><\/div>\n<form action=\"\/fr\/wp-json\/wp\/v2\/product\/1261#wpcf7-f1234-o1\" method=\"post\" class=\"wpcf7-form init\" aria-label=\"\u7559\u8a00\u8868\u5355\" novalidate=\"novalidate\" data-status=\"init\" data-trp-original-action=\"\/fr\/wp-json\/wp\/v2\/product\/1261#wpcf7-f1234-o1\">\n<div style=\"display: none;\">\n<input type=\"hidden\" name=\"_wpcf7\" value=\"1234\" \/>\n<input type=\"hidden\" name=\"_wpcf7_version\" value=\"6.0.6\" \/>\n<input type=\"hidden\" name=\"_wpcf7_locale\" value=\"zh_CN\" \/>\n<input type=\"hidden\" name=\"_wpcf7_unit_tag\" value=\"wpcf7-f1234-o1\" \/>\n<input type=\"hidden\" name=\"_wpcf7_container_post\" value=\"0\" \/>\n<input type=\"hidden\" name=\"_wpcf7_posted_data_hash\" value=\"\" \/>\n<\/div>\n<p><label> Votre nom<br \/>\n<span class=\"wpcf7-form-control-wrap\" data-name=\"your-name\"><input size=\"40\" maxlength=\"400\" class=\"wpcf7-form-control wpcf7-text\" aria-invalid=\"false\" value=\"\" type=\"text\" name=\"your-name\" \/><\/span> <\/label>\n<\/p>\n<p><label> *Votre Email<br \/>\n<span class=\"wpcf7-form-control-wrap\" data-name=\"your-email\"><input size=\"40\" maxlength=\"400\" class=\"wpcf7-form-control wpcf7-email wpcf7-validates-as-required wpcf7-text wpcf7-validates-as-email\" aria-required=\"true\" aria-invalid=\"false\" value=\"\" type=\"email\" name=\"your-email\" \/><\/span> <\/label>\n<\/p>\n<p><label> Votre t\u00e9l\u00e9phone<br \/>\n<span class=\"wpcf7-form-control-wrap\" data-name=\"tel-578\"><input size=\"40\" maxlength=\"400\" class=\"wpcf7-form-control wpcf7-tel wpcf7-text wpcf7-validates-as-tel\" aria-invalid=\"false\" value=\"\" type=\"tel\" name=\"tel-578\" \/><\/span> <\/label>\n<\/p>\n<p><label> *Votre pays<br \/>\n<span class=\"wpcf7-form-control-wrap\" data-name=\"your-country\"><input size=\"40\" maxlength=\"400\" class=\"wpcf7-form-control wpcf7-text wpcf7-validates-as-required\" aria-required=\"true\" aria-invalid=\"false\" value=\"\" type=\"text\" name=\"your-country\" \/><\/span> <\/label>\n<\/p>\n<p><label> Nom de l'entreprise<br \/>\n<span class=\"wpcf7-form-control-wrap\" data-name=\"Company-Name\"><input size=\"40\" maxlength=\"400\" class=\"wpcf7-form-control wpcf7-text\" aria-invalid=\"false\" value=\"\" type=\"text\" name=\"Company-Name\" \/><\/span> <\/label>\n<\/p>\n<p><label> Votre site web<br \/>\n<span class=\"wpcf7-form-control-wrap\" data-name=\"your-website\"><input size=\"40\" maxlength=\"400\" class=\"wpcf7-form-control wpcf7-text\" aria-invalid=\"false\" value=\"\" type=\"text\" name=\"your-website\" \/><\/span> <\/label>\n<\/p>\n<p><label> *Votre message<br \/>\n<span class=\"wpcf7-form-control-wrap\" data-name=\"your-message\"><textarea cols=\"40\" rows=\"10\" maxlength=\"2000\" class=\"wpcf7-form-control wpcf7-textarea wpcf7-validates-as-required\" aria-required=\"true\" aria-invalid=\"false\" name=\"your-message\"><\/textarea><\/span> <\/label>\n<\/p>\n<div style='clear:both'>\n<\/div>\n<p><input class=\"wpcf7-form-control wpcf7-submit has-spinner\" type=\"submit\" value=\"Envoyer\" \/>\n<\/p>\n<div style='clear:both'>\n<\/div><div class=\"wpcf7-response-output\" aria-hidden=\"true\"><\/div>\n<input type=\"hidden\" name=\"trp-form-language\" value=\"fr\"\/><\/form>\n<\/div>\n\n<div style='text-align:left' class='yasr-auto-insert-visitor'><\/div>","protected":false},"excerpt":{"rendered":"<p>Avocado pulp processing machine is an automated equipment designed for large-scale production. Through intelligent operation process, it can quickly transform fresh avocado into pulp with smooth taste and stable quality. This avocado pulping machine is suitable for a variety of application scenarios such as food processing plants, chain catering enterprises, sauce manufacturers, etc. Avocado Pulp [&hellip;]<\/p>","protected":false},"featured_media":1264,"comment_status":"open","ping_status":"closed","template":"","meta":{"_surecart_dashboard_logo_width":"180px","_surecart_dashboard_show_logo":true,"_surecart_dashboard_navigation_orders":true,"_surecart_dashboard_navigation_invoices":true,"_surecart_dashboard_navigation_subscriptions":true,"_surecart_dashboard_navigation_downloads":true,"_surecart_dashboard_navigation_billing":true,"_surecart_dashboard_navigation_account":true,"site-sidebar-layout":"default","site-content-layout":"","ast-site-content-layout":"default","site-content-style":"default","site-sidebar-style":"default","ast-global-header-display":"","ast-banner-title-visibility":"","ast-main-header-display":"","ast-hfb-above-header-display":"","ast-hfb-below-header-display":"","ast-hfb-mobile-header-display":"","site-post-title":"","ast-breadcrumbs-content":"","ast-featured-img":"","footer-sml-layout":"","theme-transparent-header-meta":"default","adv-header-id-meta":"","stick-header-meta":"","header-above-stick-meta":"","header-main-stick-meta":"","header-below-stick-meta":"","astra-migrate-meta-layouts":"set","ast-page-background-enabled":"default","ast-page-background-meta":{"desktop":{"background-color":"var(--ast-global-color-4)","background-image":"","background-repeat":"repeat","background-position":"center center","background-size":"auto","background-attachment":"scroll","background-type":"","background-media":"","overlay-type":"","overlay-color":"","overlay-opacity":"","overlay-gradient":""},"tablet":{"background-color":"","background-image":"","background-repeat":"repeat","background-position":"center center","background-size":"auto","background-attachment":"scroll","background-type":"","background-media":"","overlay-type":"","overlay-color":"","overlay-opacity":"","overlay-gradient":""},"mobile":{"background-color":"","background-image":"","background-repeat":"repeat","background-position":"center center","background-size":"auto","background-attachment":"scroll","background-type":"","background-media":"","overlay-type":"","overlay-color":"","overlay-opacity":"","overlay-gradient":""}},"ast-content-background-meta":{"desktop":{"background-color":"var(--ast-global-color-5)","background-image":"","background-repeat":"repeat","background-position":"center center","background-size":"auto","background-attachment":"scroll","background-type":"","background-media":"","overlay-type":"","overlay-color":"","overlay-opacity":"","overlay-gradient":""},"tablet":{"background-color":"var(--ast-global-color-5)","background-image":"","background-repeat":"repeat","background-position":"center center","background-size":"auto","background-attachment":"scroll","background-type":"","background-media":"","overlay-type":"","overlay-color":"","overlay-opacity":"","overlay-gradient":""},"mobile":{"background-color":"var(--ast-global-color-5)","background-image":"","background-repeat":"repeat","background-position":"center center","background-size":"auto","background-attachment":"scroll","background-type":"","background-media":"","overlay-type":"","overlay-color":"","overlay-opacity":"","overlay-gradient":""}},"yasr_overall_rating":5,"yasr_post_is_review":"","yasr_auto_insert_disabled":"","yasr_review_type":""},"product_brand":[],"product_cat":[17],"product_tag":[],"class_list":{"0":"post-1261","1":"product","2":"type-product","3":"status-publish","4":"has-post-thumbnail","6":"product_cat-products","7":"desktop-align-left","8":"tablet-align-left","9":"mobile-align-left","11":"first","12":"instock","13":"featured","14":"shipping-taxable","15":"product-type-simple"},"yasr_visitor_votes":{"stars_attributes":{"read_only":false,"span_bottom":false},"number_of_votes":1,"sum_votes":5},"yoast_head":"<!-- This site is optimized with the Yoast SEO plugin v24.9 - https:\/\/yoast.com\/wordpress\/plugins\/seo\/ -->\n<title>Avocado Pulp Extractor Processing Machine<\/title>\n<meta name=\"description\" content=\"Avocado pulping processing machine can process 500-1000kg\/h (customizable) to meet the needs of mass production, and its efficiency is more than 20 times that of traditional manual labor.\" \/>\n<meta name=\"robots\" content=\"index, follow, max-snippet:-1, max-image-preview:large, max-video-preview:-1\" \/>\n<link rel=\"canonical\" href=\"https:\/\/www.avocadoprocess.com\/fr\/produit\/avocado-pulp-processing-machine\/\" \/>\n<meta property=\"og:locale\" content=\"fr_FR\" \/>\n<meta property=\"og:type\" content=\"article\" \/>\n<meta property=\"og:title\" content=\"Avocado Pulp Extractor Processing Machine\" \/>\n<meta property=\"og:description\" content=\"Avocado pulping processing machine can process 500-1000kg\/h (customizable) to meet the needs of mass production, and its efficiency is more than 20 times that of traditional manual labor.\" \/>\n<meta property=\"og:url\" content=\"https:\/\/www.avocadoprocess.com\/fr\/produit\/avocado-pulp-processing-machine\/\" \/>\n<meta property=\"og:site_name\" content=\"Avocado Processing Machine Plant Manufacturers\" \/>\n<meta property=\"article:modified_time\" content=\"2025-09-17T07:37:19+00:00\" \/>\n<meta property=\"og:image\" content=\"https:\/\/www.avocadoprocess.com\/wp-content\/uploads\/2025\/04\/avocado-pulping-machine.jpg\" \/>\n\t<meta property=\"og:image:width\" content=\"500\" \/>\n\t<meta property=\"og:image:height\" content=\"500\" \/>\n\t<meta property=\"og:image:type\" content=\"image\/jpeg\" \/>\n<meta name=\"twitter:card\" content=\"summary_large_image\" \/>\n<meta name=\"twitter:label1\" content=\"Dur\u00e9e de lecture estim\u00e9e\" \/>\n\t<meta name=\"twitter:data1\" content=\"2 minutes\" \/>\n<script type=\"application\/ld+json\" class=\"yoast-schema-graph\">{\"@context\":\"https:\/\/schema.org\",\"@graph\":[{\"@type\":\"WebPage\",\"@id\":\"https:\/\/www.avocadoprocess.com\/product\/avocado-pulp-processing-machine\/\",\"url\":\"https:\/\/www.avocadoprocess.com\/product\/avocado-pulp-processing-machine\/\",\"name\":\"Avocado Pulp Extractor Processing Machine\",\"isPartOf\":{\"@id\":\"https:\/\/www.avocadoprocess.com\/#website\"},\"primaryImageOfPage\":{\"@id\":\"https:\/\/www.avocadoprocess.com\/product\/avocado-pulp-processing-machine\/#primaryimage\"},\"image\":{\"@id\":\"https:\/\/www.avocadoprocess.com\/product\/avocado-pulp-processing-machine\/#primaryimage\"},\"thumbnailUrl\":\"https:\/\/www.avocadoprocess.com\/wp-content\/uploads\/2025\/04\/avocado-pulping-machine.jpg\",\"datePublished\":\"2025-04-24T06:35:26+00:00\",\"dateModified\":\"2025-09-17T07:37:19+00:00\",\"description\":\"Avocado pulping processing machine can process 500-1000kg\/h (customizable) to meet the needs of mass production, and its efficiency is more than 20 times that of traditional manual labor.\",\"breadcrumb\":{\"@id\":\"https:\/\/www.avocadoprocess.com\/product\/avocado-pulp-processing-machine\/#breadcrumb\"},\"inLanguage\":\"fr-FR\",\"potentialAction\":[{\"@type\":\"ReadAction\",\"target\":[\"https:\/\/www.avocadoprocess.com\/product\/avocado-pulp-processing-machine\/\"]}]},{\"@type\":\"ImageObject\",\"inLanguage\":\"fr-FR\",\"@id\":\"https:\/\/www.avocadoprocess.com\/product\/avocado-pulp-processing-machine\/#primaryimage\",\"url\":\"https:\/\/www.avocadoprocess.com\/wp-content\/uploads\/2025\/04\/avocado-pulping-machine.jpg\",\"contentUrl\":\"https:\/\/www.avocadoprocess.com\/wp-content\/uploads\/2025\/04\/avocado-pulping-machine.jpg\",\"width\":500,\"height\":500,\"caption\":\"avocado-pulping-machine\"},{\"@type\":\"BreadcrumbList\",\"@id\":\"https:\/\/www.avocadoprocess.com\/product\/avocado-pulp-processing-machine\/#breadcrumb\",\"itemListElement\":[{\"@type\":\"ListItem\",\"position\":1,\"name\":\"Home\",\"item\":\"https:\/\/www.avocadoprocess.com\/\"},{\"@type\":\"ListItem\",\"position\":2,\"name\":\"Product\",\"item\":\"https:\/\/www.avocadoprocess.com\/products\/\"},{\"@type\":\"ListItem\",\"position\":3,\"name\":\"Avocado Pulp Extractor Processing Machine\"}]},{\"@type\":\"WebSite\",\"@id\":\"https:\/\/www.avocadoprocess.com\/#website\",\"url\":\"https:\/\/www.avocadoprocess.com\/\",\"name\":\"Avocado Processing Machine Plant Manufacturers\",\"description\":\"\",\"potentialAction\":[{\"@type\":\"SearchAction\",\"target\":{\"@type\":\"EntryPoint\",\"urlTemplate\":\"https:\/\/www.avocadoprocess.com\/?s={search_term_string}\"},\"query-input\":{\"@type\":\"PropertyValueSpecification\",\"valueRequired\":true,\"valueName\":\"search_term_string\"}}],\"inLanguage\":\"fr-FR\"},false]}<\/script>\n<!-- \/ Yoast SEO plugin. -->","yoast_head_json":{"title":"Machine \u00e0 extraire la pulpe d'avocat","description":"La machine de d\u00e9pulpage d'avocats peut traiter de 500 \u00e0 1000 kg\/h (personnalisable) pour r\u00e9pondre aux besoins de la production de masse, et son efficacit\u00e9 est plus de 20 fois sup\u00e9rieure \u00e0 celle du travail manuel traditionnel.","robots":{"index":"index","follow":"follow","max-snippet":"max-snippet:-1","max-image-preview":"max-image-preview:large","max-video-preview":"max-video-preview:-1"},"canonical":"https:\/\/www.avocadoprocess.com\/fr\/produit\/avocado-pulp-processing-machine\/","og_locale":"fr_FR","og_type":"article","og_title":"Avocado Pulp Extractor Processing Machine","og_description":"Avocado pulping processing machine can process 500-1000kg\/h (customizable) to meet the needs of mass production, and its efficiency is more than 20 times that of traditional manual labor.","og_url":"https:\/\/www.avocadoprocess.com\/fr\/produit\/avocado-pulp-processing-machine\/","og_site_name":"Avocado Processing Machine Plant Manufacturers","article_modified_time":"2025-09-17T07:37:19+00:00","og_image":[{"width":500,"height":500,"url":"https:\/\/www.avocadoprocess.com\/wp-content\/uploads\/2025\/04\/avocado-pulping-machine.jpg","type":"image\/jpeg"}],"twitter_card":"summary_large_image","twitter_misc":{"Dur\u00e9e de lecture estim\u00e9e":"2 minutes"},"schema":{"@context":"https:\/\/schema.org","@graph":[{"@type":"WebPage","@id":"https:\/\/www.avocadoprocess.com\/product\/avocado-pulp-processing-machine\/","url":"https:\/\/www.avocadoprocess.com\/product\/avocado-pulp-processing-machine\/","name":"Machine \u00e0 extraire la pulpe d'avocat","isPartOf":{"@id":"https:\/\/www.avocadoprocess.com\/#website"},"primaryImageOfPage":{"@id":"https:\/\/www.avocadoprocess.com\/product\/avocado-pulp-processing-machine\/#primaryimage"},"image":{"@id":"https:\/\/www.avocadoprocess.com\/product\/avocado-pulp-processing-machine\/#primaryimage"},"thumbnailUrl":"https:\/\/www.avocadoprocess.com\/wp-content\/uploads\/2025\/04\/avocado-pulping-machine.jpg","datePublished":"2025-04-24T06:35:26+00:00","dateModified":"2025-09-17T07:37:19+00:00","description":"La machine de d\u00e9pulpage d'avocats peut traiter de 500 \u00e0 1000 kg\/h (personnalisable) pour r\u00e9pondre aux besoins de la production de masse, et son efficacit\u00e9 est plus de 20 fois sup\u00e9rieure \u00e0 celle du travail manuel traditionnel.","breadcrumb":{"@id":"https:\/\/www.avocadoprocess.com\/product\/avocado-pulp-processing-machine\/#breadcrumb"},"inLanguage":"fr-FR","potentialAction":[{"@type":"ReadAction","target":["https:\/\/www.avocadoprocess.com\/product\/avocado-pulp-processing-machine\/"]}]},{"@type":"ImageObject","inLanguage":"fr-FR","@id":"https:\/\/www.avocadoprocess.com\/product\/avocado-pulp-processing-machine\/#primaryimage","url":"https:\/\/www.avocadoprocess.com\/wp-content\/uploads\/2025\/04\/avocado-pulping-machine.jpg","contentUrl":"https:\/\/www.avocadoprocess.com\/wp-content\/uploads\/2025\/04\/avocado-pulping-machine.jpg","width":500,"height":500,"caption":"avocado-pulping-machine"},{"@type":"BreadcrumbList","@id":"https:\/\/www.avocadoprocess.com\/product\/avocado-pulp-processing-machine\/#breadcrumb","itemListElement":[{"@type":"ListItem","position":1,"name":"Home","item":"https:\/\/www.avocadoprocess.com\/"},{"@type":"ListItem","position":2,"name":"Product","item":"https:\/\/www.avocadoprocess.com\/products\/"},{"@type":"ListItem","position":3,"name":"Avocado Pulp Extractor Processing Machine"}]},{"@type":"WebSite","@id":"https:\/\/www.avocadoprocess.com\/#website","url":"https:\/\/www.avocadoprocess.com\/","name":"Usine de transformation d'avocats Fabricants","description":"","potentialAction":[{"@type":"SearchAction","target":{"@type":"EntryPoint","urlTemplate":"https:\/\/www.avocadoprocess.com\/?s={search_term_string}"},"query-input":{"@type":"PropertyValueSpecification","valueRequired":true,"valueName":"search_term_string"}}],"inLanguage":"fr-FR"},false]}},"_links":{"self":[{"href":"https:\/\/www.avocadoprocess.com\/fr\/wp-json\/wp\/v2\/product\/1261","targetHints":{"allow":["GET"]}}],"collection":[{"href":"https:\/\/www.avocadoprocess.com\/fr\/wp-json\/wp\/v2\/product"}],"about":[{"href":"https:\/\/www.avocadoprocess.com\/fr\/wp-json\/wp\/v2\/types\/product"}],"replies":[{"embeddable":true,"href":"https:\/\/www.avocadoprocess.com\/fr\/wp-json\/wp\/v2\/comments?post=1261"}],"wp:featuredmedia":[{"embeddable":true,"href":"https:\/\/www.avocadoprocess.com\/fr\/wp-json\/wp\/v2\/media\/1264"}],"wp:attachment":[{"href":"https:\/\/www.avocadoprocess.com\/fr\/wp-json\/wp\/v2\/media?parent=1261"}],"wp:term":[{"taxonomy":"product_brand","embeddable":true,"href":"https:\/\/www.avocadoprocess.com\/fr\/wp-json\/wp\/v2\/product_brand?post=1261"},{"taxonomy":"product_cat","embeddable":true,"href":"https:\/\/www.avocadoprocess.com\/fr\/wp-json\/wp\/v2\/product_cat?post=1261"},{"taxonomy":"product_tag","embeddable":true,"href":"https:\/\/www.avocadoprocess.com\/fr\/wp-json\/wp\/v2\/product_tag?post=1261"}],"curies":[{"name":"wp","href":"https:\/\/api.w.org\/{rel}","templated":true}]}}