{"id":1267,"date":"2025-04-24T08:00:59","date_gmt":"2025-04-24T08:00:59","guid":{"rendered":"https:\/\/www.avocadoprocess.com\/?post_type=product&#038;p=1267"},"modified":"2025-10-29T17:04:55","modified_gmt":"2025-10-29T09:04:55","slug":"avocado-paste-puree-processing-machine","status":"publish","type":"product","link":"https:\/\/www.avocadoprocess.com\/fr\/produit\/avocado-paste-puree-processing-machine\/","title":{"rendered":"Machine de transformation de la p\u00e2te d'avocat en pur\u00e9e sur mesure"},"content":{"rendered":"<p>La machine de fabrication de pur\u00e9e d'avocat est un appareil sp\u00e9cialement con\u00e7u pour la transformation de la pur\u00e9e d'avocat. La machine de traitement de pur\u00e9e d'avocat est fabriqu\u00e9e \u00e0 partir d'une technologie avanc\u00e9e et de mat\u00e9riaux de haute qualit\u00e9. Elle peut rapidement broyer l'avocat frais pour en faire une p\u00e2te d\u00e9licate et lisse. La grosseur de la p\u00e2te peut \u00eatre personnalis\u00e9e en fonction des exigences de traitement, et la capacit\u00e9 de traitement est de 100-1000 kg par heure.<\/p>\n<h2>Avantages de la machine de fabrication de p\u00e2te d'avocat<\/h2>\n<ul>\n<li>La capacit\u00e9 de traitement de la machine \u00e0 broyer la p\u00e2te d'avocat peut atteindre 200 \u00e0 500 kg par heure (la personnalisation est possible), ce qui permet de r\u00e9pondre aux besoins d'une production continue.<\/li>\n<li>\u00c9quip\u00e9 d'un syst\u00e8me de r\u00e9gulation de la vitesse par conversion de fr\u00e9quence \u00e0 plusieurs niveaux, il permet le broyage grossier, le broyage fin et le broyage ultrafin (r\u00e9glable de 0,1 \u00e0 3 mm), et convient aux diff\u00e9rentes exigences en mati\u00e8re de formules.<\/li>\n<li>Convient \u00e0 une vari\u00e9t\u00e9 de mati\u00e8res premi\u00e8res telles que l'avocat, le beurre de noix, la pur\u00e9e de fruits et de l\u00e9gumes, une seule machine pour des utilisations multiples afin d'am\u00e9liorer le retour sur investissement.<\/li>\n<li>La structure principale de la machine \u00e0 p\u00e2te d'avocat est g\u00e9n\u00e9ralement fabriqu\u00e9e en acier inoxydable de haute qualit\u00e9, qui pr\u00e9sente une bonne r\u00e9sistance \u00e0 la corrosion et \u00e0 l'oxydation et peut fonctionner pendant longtemps dans des environnements complexes humides, acides et alcalins.<\/li>\n<\/ul>\n<p><img fetchpriority=\"high\" decoding=\"async\" class=\"alignnone size-full wp-image-1268\" src=\"https:\/\/www.avocadoprocess.com\/wp-content\/uploads\/2025\/04\/avocado-paste-machine.jpg\" alt=\"machine \u00e0 coller les avocats\" width=\"660\" height=\"400\" srcset=\"https:\/\/www.avocadoprocess.com\/wp-content\/uploads\/2025\/04\/avocado-paste-machine.jpg 660w, https:\/\/www.avocadoprocess.com\/wp-content\/uploads\/2025\/04\/avocado-paste-machine-300x182.jpg 300w, https:\/\/www.avocadoprocess.com\/wp-content\/uploads\/2025\/04\/avocado-paste-machine-600x364.jpg 600w\" sizes=\"(max-width: 660px) 100vw, 660px\" \/><\/p>\n<h2>Caract\u00e9ristiques de la machine de traitement de la pur\u00e9e d'avocat<\/h2>\n<ul>\n<li>Mat\u00e9riau de haute qualit\u00e9 : Le corps de la machine \u00e0 p\u00e2te d'avocat est fabriqu\u00e9 en acier inoxydable 304, qui est durable et ne rouille pas facilement, ce qui garantit la stabilit\u00e9 et la fiabilit\u00e9 de l'\u00e9quipement lors d'une utilisation \u00e0 long terme. Il est \u00e9galement facile \u00e0 nettoyer et \u00e0 d\u00e9sinfecter et r\u00e9pond aux exigences d'hygi\u00e8ne de la transformation des aliments.<\/li>\n<li>Puissance : \u00e9quip\u00e9 d'un moteur \u00e0 haute puissance, il est tr\u00e8s puissant et peut facilement broyer des avocats, ce qui garantit l'efficacit\u00e9 et la stabilit\u00e9 du processus de broyage. Il n'y a pas de blocage ni de surcharge, m\u00eame lorsque l'appareil fonctionne \u00e0 pleine charge.<\/li>\n<li>Syst\u00e8me de contr\u00f4le intelligent : La machine de fabrication de p\u00e2te d'avocat peut ajuster automatiquement les param\u00e8tres de broyage en fonction des diff\u00e9rentes exigences de traitement, am\u00e9liorer l'intelligence et l'efficacit\u00e9 op\u00e9rationnelle de l'\u00e9quipement, et r\u00e9duire \u00e9galement le taux de d\u00e9faillance de l'\u00e9quipement.<\/li>\n<\/ul>\n<h2>La machine industrielle de fabrication de p\u00e2te d'avocat est largement utilis\u00e9e dans les domaines suivants :<\/h2>\n<p>Secteur de la restauration : Pr\u00e9parez une sauce \u00e0 l'avocat frais pour les salades, les sandwichs, les burritos, etc. afin de rehausser le go\u00fbt et la valeur des plats.<\/p>\n<p>Industrie alimentaire : En tant qu'\u00e9quipement de base pour la production de sauce \u00e0 l'avocat, de trempettes, d'aliments \u00e0 grignoter et d'autres produits.<\/p>\n<p>Industrie des aliments surgel\u00e9s : Production \u00e0 grande \u00e9chelle de pur\u00e9e ou de sauce d'avocat congel\u00e9e en tant que mati\u00e8re premi\u00e8re alimentaire.<\/p>\n<p>Nous fournissons non seulement une machine industrielle \u00e0 p\u00e2te d'avocat de haute qualit\u00e9, mais aussi une gamme compl\u00e8te de services et d'assistance \u00e0 nos clients. Si vous souhaitez en savoir plus, n'h\u00e9sitez pas \u00e0 nous contacter.<\/p>\n<hr \/>\n<h3 style=\"text-align: center;\">CONTACT POUR DEVIS<\/h3>\n\n<div class=\"wpcf7 no-js\" id=\"wpcf7-f1234-o1\" lang=\"zh-CN\" dir=\"ltr\" data-wpcf7-id=\"1234\">\n<div class=\"screen-reader-response\"><p role=\"status\" aria-live=\"polite\" aria-atomic=\"true\"><\/p> <ul><\/ul><\/div>\n<form action=\"\/fr\/wp-json\/wp\/v2\/product\/1267#wpcf7-f1234-o1\" method=\"post\" class=\"wpcf7-form init\" aria-label=\"\u7559\u8a00\u8868\u5355\" novalidate=\"novalidate\" data-status=\"init\" data-trp-original-action=\"\/fr\/wp-json\/wp\/v2\/product\/1267#wpcf7-f1234-o1\">\n<div style=\"display: none;\">\n<input type=\"hidden\" name=\"_wpcf7\" value=\"1234\" \/>\n<input type=\"hidden\" name=\"_wpcf7_version\" value=\"6.0.6\" \/>\n<input type=\"hidden\" name=\"_wpcf7_locale\" value=\"zh_CN\" \/>\n<input type=\"hidden\" name=\"_wpcf7_unit_tag\" value=\"wpcf7-f1234-o1\" \/>\n<input type=\"hidden\" name=\"_wpcf7_container_post\" value=\"0\" \/>\n<input type=\"hidden\" name=\"_wpcf7_posted_data_hash\" value=\"\" \/>\n<\/div>\n<p><label> Votre nom<br \/>\n<span class=\"wpcf7-form-control-wrap\" data-name=\"your-name\"><input size=\"40\" maxlength=\"400\" class=\"wpcf7-form-control wpcf7-text\" aria-invalid=\"false\" value=\"\" type=\"text\" name=\"your-name\" \/><\/span> <\/label>\n<\/p>\n<p><label> *Votre Email<br \/>\n<span class=\"wpcf7-form-control-wrap\" data-name=\"your-email\"><input size=\"40\" maxlength=\"400\" class=\"wpcf7-form-control wpcf7-email wpcf7-validates-as-required wpcf7-text wpcf7-validates-as-email\" aria-required=\"true\" aria-invalid=\"false\" value=\"\" type=\"email\" name=\"your-email\" \/><\/span> <\/label>\n<\/p>\n<p><label> Votre t\u00e9l\u00e9phone<br \/>\n<span class=\"wpcf7-form-control-wrap\" data-name=\"tel-578\"><input size=\"40\" maxlength=\"400\" class=\"wpcf7-form-control wpcf7-tel wpcf7-text wpcf7-validates-as-tel\" aria-invalid=\"false\" value=\"\" type=\"tel\" name=\"tel-578\" \/><\/span> <\/label>\n<\/p>\n<p><label> *Votre pays<br \/>\n<span class=\"wpcf7-form-control-wrap\" data-name=\"your-country\"><input size=\"40\" maxlength=\"400\" class=\"wpcf7-form-control wpcf7-text wpcf7-validates-as-required\" aria-required=\"true\" aria-invalid=\"false\" value=\"\" type=\"text\" name=\"your-country\" \/><\/span> <\/label>\n<\/p>\n<p><label> Nom de l'entreprise<br \/>\n<span class=\"wpcf7-form-control-wrap\" data-name=\"Company-Name\"><input size=\"40\" maxlength=\"400\" class=\"wpcf7-form-control wpcf7-text\" aria-invalid=\"false\" value=\"\" type=\"text\" name=\"Company-Name\" \/><\/span> <\/label>\n<\/p>\n<p><label> Votre site web<br \/>\n<span class=\"wpcf7-form-control-wrap\" data-name=\"your-website\"><input size=\"40\" maxlength=\"400\" class=\"wpcf7-form-control wpcf7-text\" aria-invalid=\"false\" value=\"\" type=\"text\" name=\"your-website\" \/><\/span> <\/label>\n<\/p>\n<p><label> *Votre message<br \/>\n<span class=\"wpcf7-form-control-wrap\" data-name=\"your-message\"><textarea cols=\"40\" rows=\"10\" maxlength=\"2000\" class=\"wpcf7-form-control wpcf7-textarea wpcf7-validates-as-required\" aria-required=\"true\" aria-invalid=\"false\" name=\"your-message\"><\/textarea><\/span> <\/label>\n<\/p>\n<div style='clear:both'>\n<\/div>\n<p><input class=\"wpcf7-form-control wpcf7-submit has-spinner\" type=\"submit\" value=\"Envoyer\" \/>\n<\/p>\n<div style='clear:both'>\n<\/div><div class=\"wpcf7-response-output\" aria-hidden=\"true\"><\/div>\n<input type=\"hidden\" name=\"trp-form-language\" value=\"fr\"\/><\/form>\n<\/div>\n\n<div style='text-align:left' class='yasr-auto-insert-visitor'><\/div>","protected":false},"excerpt":{"rendered":"<p>La machine de fabrication de pur\u00e9e d'avocat est un appareil sp\u00e9cialement con\u00e7u pour la transformation de la pur\u00e9e d'avocat. La machine de traitement de pur\u00e9e d'avocat est fabriqu\u00e9e \u00e0 partir de technologies avanc\u00e9es et de mat\u00e9riaux de haute qualit\u00e9, et peut rapidement broyer l'avocat frais en une p\u00e2te d\u00e9licate et lisse. La grosseur de la p\u00e2te peut \u00eatre personnalis\u00e9e en fonction des exigences de traitement, et la capacit\u00e9 de traitement [...]<\/p>","protected":false},"featured_media":1269,"comment_status":"open","ping_status":"closed","template":"","meta":{"_surecart_dashboard_logo_width":"180px","_surecart_dashboard_show_logo":true,"_surecart_dashboard_navigation_orders":true,"_surecart_dashboard_navigation_invoices":true,"_surecart_dashboard_navigation_subscriptions":true,"_surecart_dashboard_navigation_downloads":true,"_surecart_dashboard_navigation_billing":true,"_surecart_dashboard_navigation_account":true,"site-sidebar-layout":"default","site-content-layout":"","ast-site-content-layout":"default","site-content-style":"default","site-sidebar-style":"default","ast-global-header-display":"","ast-banner-title-visibility":"","ast-main-header-display":"","ast-hfb-above-header-display":"","ast-hfb-below-header-display":"","ast-hfb-mobile-header-display":"","site-post-title":"","ast-breadcrumbs-content":"","ast-featured-img":"","footer-sml-layout":"","theme-transparent-header-meta":"default","adv-header-id-meta":"","stick-header-meta":"","header-above-stick-meta":"","header-main-stick-meta":"","header-below-stick-meta":"","astra-migrate-meta-layouts":"set","ast-page-background-enabled":"default","ast-page-background-meta":{"desktop":{"background-color":"var(--ast-global-color-4)","background-image":"","background-repeat":"repeat","background-position":"center center","background-size":"auto","background-attachment":"scroll","background-type":"","background-media":"","overlay-type":"","overlay-color":"","overlay-opacity":"","overlay-gradient":""},"tablet":{"background-color":"","background-image":"","background-repeat":"repeat","background-position":"center center","background-size":"auto","background-attachment":"scroll","background-type":"","background-media":"","overlay-type":"","overlay-color":"","overlay-opacity":"","overlay-gradient":""},"mobile":{"background-color":"","background-image":"","background-repeat":"repeat","background-position":"center center","background-size":"auto","background-attachment":"scroll","background-type":"","background-media":"","overlay-type":"","overlay-color":"","overlay-opacity":"","overlay-gradient":""}},"ast-content-background-meta":{"desktop":{"background-color":"var(--ast-global-color-5)","background-image":"","background-repeat":"repeat","background-position":"center center","background-size":"auto","background-attachment":"scroll","background-type":"","background-media":"","overlay-type":"","overlay-color":"","overlay-opacity":"","overlay-gradient":""},"tablet":{"background-color":"var(--ast-global-color-5)","background-image":"","background-repeat":"repeat","background-position":"center center","background-size":"auto","background-attachment":"scroll","background-type":"","background-media":"","overlay-type":"","overlay-color":"","overlay-opacity":"","overlay-gradient":""},"mobile":{"background-color":"var(--ast-global-color-5)","background-image":"","background-repeat":"repeat","background-position":"center center","background-size":"auto","background-attachment":"scroll","background-type":"","background-media":"","overlay-type":"","overlay-color":"","overlay-opacity":"","overlay-gradient":""}},"yasr_overall_rating":5,"yasr_post_is_review":"","yasr_auto_insert_disabled":"","yasr_review_type":""},"product_brand":[],"product_cat":[17],"product_tag":[],"class_list":{"0":"post-1267","1":"product","2":"type-product","3":"status-publish","4":"has-post-thumbnail","6":"product_cat-products","7":"desktop-align-left","8":"tablet-align-left","9":"mobile-align-left","11":"first","12":"instock","13":"shipping-taxable","14":"product-type-simple"},"yasr_visitor_votes":{"stars_attributes":{"read_only":false,"span_bottom":false},"number_of_votes":1,"sum_votes":5},"yoast_head":"<!-- This site is optimized with the Yoast SEO plugin v24.9 - https:\/\/yoast.com\/wordpress\/plugins\/seo\/ -->\n<title>Avocado Paste Puree Processing Machine Custom<\/title>\n<meta name=\"description\" content=\"Avocado paste processing machine is made of advanced technology and high-quality materials, and can quickly grind fresh avocado into a delicate and smooth paste.\" \/>\n<meta name=\"robots\" content=\"index, follow, max-snippet:-1, max-image-preview:large, max-video-preview:-1\" \/>\n<link rel=\"canonical\" href=\"https:\/\/www.avocadoprocess.com\/fr\/produit\/avocado-paste-puree-processing-machine\/\" \/>\n<meta property=\"og:locale\" content=\"fr_FR\" \/>\n<meta property=\"og:type\" content=\"article\" \/>\n<meta property=\"og:title\" content=\"Avocado Paste Puree Processing Machine Custom\" \/>\n<meta property=\"og:description\" content=\"Avocado paste processing machine is made of advanced technology and high-quality materials, and can quickly grind fresh avocado into a delicate and smooth paste.\" \/>\n<meta property=\"og:url\" content=\"https:\/\/www.avocadoprocess.com\/fr\/produit\/avocado-paste-puree-processing-machine\/\" \/>\n<meta property=\"og:site_name\" content=\"Avocado Processing Machine Plant Manufacturers\" \/>\n<meta property=\"article:modified_time\" content=\"2025-10-29T09:04:55+00:00\" \/>\n<meta property=\"og:image\" content=\"https:\/\/www.avocadoprocess.com\/wp-content\/uploads\/2025\/04\/Avocado-puree-processing-machine.jpg\" \/>\n\t<meta property=\"og:image:width\" content=\"500\" \/>\n\t<meta property=\"og:image:height\" content=\"500\" \/>\n\t<meta property=\"og:image:type\" content=\"image\/jpeg\" \/>\n<meta name=\"twitter:card\" content=\"summary_large_image\" \/>\n<meta name=\"twitter:label1\" content=\"Dur\u00e9e de lecture estim\u00e9e\" \/>\n\t<meta name=\"twitter:data1\" content=\"3 minutes\" \/>\n<script type=\"application\/ld+json\" class=\"yoast-schema-graph\">{\"@context\":\"https:\/\/schema.org\",\"@graph\":[{\"@type\":\"WebPage\",\"@id\":\"https:\/\/www.avocadoprocess.com\/product\/avocado-paste-puree-processing-machine\/\",\"url\":\"https:\/\/www.avocadoprocess.com\/product\/avocado-paste-puree-processing-machine\/\",\"name\":\"Avocado Paste Puree Processing Machine Custom\",\"isPartOf\":{\"@id\":\"https:\/\/www.avocadoprocess.com\/#website\"},\"primaryImageOfPage\":{\"@id\":\"https:\/\/www.avocadoprocess.com\/product\/avocado-paste-puree-processing-machine\/#primaryimage\"},\"image\":{\"@id\":\"https:\/\/www.avocadoprocess.com\/product\/avocado-paste-puree-processing-machine\/#primaryimage\"},\"thumbnailUrl\":\"https:\/\/www.avocadoprocess.com\/wp-content\/uploads\/2025\/04\/Avocado-puree-processing-machine.jpg\",\"datePublished\":\"2025-04-24T08:00:59+00:00\",\"dateModified\":\"2025-10-29T09:04:55+00:00\",\"description\":\"Avocado paste processing machine is made of advanced technology and high-quality materials, and can quickly grind fresh avocado into a delicate and smooth paste.\",\"breadcrumb\":{\"@id\":\"https:\/\/www.avocadoprocess.com\/product\/avocado-paste-puree-processing-machine\/#breadcrumb\"},\"inLanguage\":\"fr-FR\",\"potentialAction\":[{\"@type\":\"ReadAction\",\"target\":[\"https:\/\/www.avocadoprocess.com\/product\/avocado-paste-puree-processing-machine\/\"]}]},{\"@type\":\"ImageObject\",\"inLanguage\":\"fr-FR\",\"@id\":\"https:\/\/www.avocadoprocess.com\/product\/avocado-paste-puree-processing-machine\/#primaryimage\",\"url\":\"https:\/\/www.avocadoprocess.com\/wp-content\/uploads\/2025\/04\/Avocado-puree-processing-machine.jpg\",\"contentUrl\":\"https:\/\/www.avocadoprocess.com\/wp-content\/uploads\/2025\/04\/Avocado-puree-processing-machine.jpg\",\"width\":500,\"height\":500},{\"@type\":\"BreadcrumbList\",\"@id\":\"https:\/\/www.avocadoprocess.com\/product\/avocado-paste-puree-processing-machine\/#breadcrumb\",\"itemListElement\":[{\"@type\":\"ListItem\",\"position\":1,\"name\":\"Home\",\"item\":\"https:\/\/www.avocadoprocess.com\/\"},{\"@type\":\"ListItem\",\"position\":2,\"name\":\"Product\",\"item\":\"https:\/\/www.avocadoprocess.com\/products\/\"},{\"@type\":\"ListItem\",\"position\":3,\"name\":\"Avocado Paste Puree Processing Machine Custom\"}]},{\"@type\":\"WebSite\",\"@id\":\"https:\/\/www.avocadoprocess.com\/#website\",\"url\":\"https:\/\/www.avocadoprocess.com\/\",\"name\":\"Avocado Processing Machine Plant Manufacturers\",\"description\":\"\",\"potentialAction\":[{\"@type\":\"SearchAction\",\"target\":{\"@type\":\"EntryPoint\",\"urlTemplate\":\"https:\/\/www.avocadoprocess.com\/?s={search_term_string}\"},\"query-input\":{\"@type\":\"PropertyValueSpecification\",\"valueRequired\":true,\"valueName\":\"search_term_string\"}}],\"inLanguage\":\"fr-FR\"},false]}<\/script>\n<!-- \/ Yoast SEO plugin. -->","yoast_head_json":{"title":"Machine de transformation de la p\u00e2te d'avocat en pur\u00e9e sur mesure","description":"La machine de traitement de la p\u00e2te d'avocat est fabriqu\u00e9e \u00e0 l'aide d'une technologie avanc\u00e9e et de mat\u00e9riaux de haute qualit\u00e9. Elle peut rapidement broyer l'avocat frais pour en faire une p\u00e2te d\u00e9licate et lisse.","robots":{"index":"index","follow":"follow","max-snippet":"max-snippet:-1","max-image-preview":"max-image-preview:large","max-video-preview":"max-video-preview:-1"},"canonical":"https:\/\/www.avocadoprocess.com\/fr\/produit\/avocado-paste-puree-processing-machine\/","og_locale":"fr_FR","og_type":"article","og_title":"Avocado Paste Puree Processing Machine Custom","og_description":"Avocado paste processing machine is made of advanced technology and high-quality materials, and can quickly grind fresh avocado into a delicate and smooth paste.","og_url":"https:\/\/www.avocadoprocess.com\/fr\/produit\/avocado-paste-puree-processing-machine\/","og_site_name":"Avocado Processing Machine Plant Manufacturers","article_modified_time":"2025-10-29T09:04:55+00:00","og_image":[{"width":500,"height":500,"url":"https:\/\/www.avocadoprocess.com\/wp-content\/uploads\/2025\/04\/Avocado-puree-processing-machine.jpg","type":"image\/jpeg"}],"twitter_card":"summary_large_image","twitter_misc":{"Dur\u00e9e de lecture estim\u00e9e":"3 minutes"},"schema":{"@context":"https:\/\/schema.org","@graph":[{"@type":"WebPage","@id":"https:\/\/www.avocadoprocess.com\/product\/avocado-paste-puree-processing-machine\/","url":"https:\/\/www.avocadoprocess.com\/product\/avocado-paste-puree-processing-machine\/","name":"Machine de transformation de la p\u00e2te d'avocat en pur\u00e9e sur mesure","isPartOf":{"@id":"https:\/\/www.avocadoprocess.com\/#website"},"primaryImageOfPage":{"@id":"https:\/\/www.avocadoprocess.com\/product\/avocado-paste-puree-processing-machine\/#primaryimage"},"image":{"@id":"https:\/\/www.avocadoprocess.com\/product\/avocado-paste-puree-processing-machine\/#primaryimage"},"thumbnailUrl":"https:\/\/www.avocadoprocess.com\/wp-content\/uploads\/2025\/04\/Avocado-puree-processing-machine.jpg","datePublished":"2025-04-24T08:00:59+00:00","dateModified":"2025-10-29T09:04:55+00:00","description":"La machine de traitement de la p\u00e2te d'avocat est fabriqu\u00e9e \u00e0 l'aide d'une technologie avanc\u00e9e et de mat\u00e9riaux de haute qualit\u00e9. Elle peut rapidement broyer l'avocat frais pour en faire une p\u00e2te d\u00e9licate et lisse.","breadcrumb":{"@id":"https:\/\/www.avocadoprocess.com\/product\/avocado-paste-puree-processing-machine\/#breadcrumb"},"inLanguage":"fr-FR","potentialAction":[{"@type":"ReadAction","target":["https:\/\/www.avocadoprocess.com\/product\/avocado-paste-puree-processing-machine\/"]}]},{"@type":"ImageObject","inLanguage":"fr-FR","@id":"https:\/\/www.avocadoprocess.com\/product\/avocado-paste-puree-processing-machine\/#primaryimage","url":"https:\/\/www.avocadoprocess.com\/wp-content\/uploads\/2025\/04\/Avocado-puree-processing-machine.jpg","contentUrl":"https:\/\/www.avocadoprocess.com\/wp-content\/uploads\/2025\/04\/Avocado-puree-processing-machine.jpg","width":500,"height":500},{"@type":"BreadcrumbList","@id":"https:\/\/www.avocadoprocess.com\/product\/avocado-paste-puree-processing-machine\/#breadcrumb","itemListElement":[{"@type":"ListItem","position":1,"name":"Home","item":"https:\/\/www.avocadoprocess.com\/"},{"@type":"ListItem","position":2,"name":"Product","item":"https:\/\/www.avocadoprocess.com\/products\/"},{"@type":"ListItem","position":3,"name":"Avocado Paste Puree Processing Machine Custom"}]},{"@type":"WebSite","@id":"https:\/\/www.avocadoprocess.com\/#website","url":"https:\/\/www.avocadoprocess.com\/","name":"Usine de transformation d'avocats Fabricants","description":"","potentialAction":[{"@type":"SearchAction","target":{"@type":"EntryPoint","urlTemplate":"https:\/\/www.avocadoprocess.com\/?s={search_term_string}"},"query-input":{"@type":"PropertyValueSpecification","valueRequired":true,"valueName":"search_term_string"}}],"inLanguage":"fr-FR"},false]}},"_links":{"self":[{"href":"https:\/\/www.avocadoprocess.com\/fr\/wp-json\/wp\/v2\/product\/1267","targetHints":{"allow":["GET"]}}],"collection":[{"href":"https:\/\/www.avocadoprocess.com\/fr\/wp-json\/wp\/v2\/product"}],"about":[{"href":"https:\/\/www.avocadoprocess.com\/fr\/wp-json\/wp\/v2\/types\/product"}],"replies":[{"embeddable":true,"href":"https:\/\/www.avocadoprocess.com\/fr\/wp-json\/wp\/v2\/comments?post=1267"}],"wp:featuredmedia":[{"embeddable":true,"href":"https:\/\/www.avocadoprocess.com\/fr\/wp-json\/wp\/v2\/media\/1269"}],"wp:attachment":[{"href":"https:\/\/www.avocadoprocess.com\/fr\/wp-json\/wp\/v2\/media?parent=1267"}],"wp:term":[{"taxonomy":"product_brand","embeddable":true,"href":"https:\/\/www.avocadoprocess.com\/fr\/wp-json\/wp\/v2\/product_brand?post=1267"},{"taxonomy":"product_cat","embeddable":true,"href":"https:\/\/www.avocadoprocess.com\/fr\/wp-json\/wp\/v2\/product_cat?post=1267"},{"taxonomy":"product_tag","embeddable":true,"href":"https:\/\/www.avocadoprocess.com\/fr\/wp-json\/wp\/v2\/product_tag?post=1267"}],"curies":[{"name":"wp","href":"https:\/\/api.w.org\/{rel}","templated":true}]}}