{"id":1538,"date":"2025-05-07T05:49:32","date_gmt":"2025-05-07T05:49:32","guid":{"rendered":"https:\/\/www.avocadoprocess.com\/?post_type=product&#038;p=1538"},"modified":"2025-10-20T11:24:29","modified_gmt":"2025-10-20T03:24:29","slug":"avocado-grading-sorting-equipment","status":"publish","type":"product","link":"https:\/\/www.avocadoprocess.com\/fr\/produit\/avocado-grading-sorting-equipment\/","title":{"rendered":"Fabricant de mat\u00e9riel de triage d'avocats"},"content":{"rendered":"<p>L'\u00e9quipement de classement des avocats est une solution de tri intelligente qui int\u00e8gre la reconnaissance visuelle, la d\u00e9tection spectrale et la technologie d'automatisation, con\u00e7ue pour les producteurs d'avocats, les usines de transformation et les entreprises de la cha\u00eene d'approvisionnement. Gr\u00e2ce \u00e0 des donn\u00e9es multidimensionnelles, l'\u00e9quipement de classement des avocats analyse avec pr\u00e9cision la maturit\u00e9 des fruits, leur poids, leur taille, les d\u00e9fauts de la peau et d'autres indicateurs afin de r\u00e9aliser un classement et un tri enti\u00e8rement automatiques, ce qui am\u00e9liore consid\u00e9rablement l'efficacit\u00e9 du traitement commercial des avocats, r\u00e9duit les erreurs manuelles et permet aux entreprises d'avoir une production standardis\u00e9e.<\/p>\n<h2>\u00c9quipement de calibrage d'avocats Caract\u00e9ristiques :<\/h2>\n<p>Une cam\u00e9ra de haute pr\u00e9cision capture les taches de couleur, les rayures, les piq\u00fbres d'insectes, etc. sur la surface du fruit.<\/p>\n<p>La spectroscopie proche infrarouge d\u00e9tecte de mani\u00e8re non destructive la teneur interne en sucre et la teneur en mati\u00e8re s\u00e8che pour pr\u00e9dire le cycle de maturation.<\/p>\n<p>Prise en charge du classement selon le poids, la taille, la couleur et la combinaison de plusieurs param\u00e8tres.<\/p>\n<p>La conception modulaire permet une automatisation compl\u00e8te des processus de nettoyage, de polissage, de cirage, de s\u00e9chage et d'emballage, r\u00e9duisant ainsi les interventions manuelles.<\/p>\n<p><img fetchpriority=\"high\" decoding=\"async\" class=\"alignnone size-full wp-image-1373\" src=\"https:\/\/www.avocadoprocess.com\/wp-content\/uploads\/2025\/04\/avocado-grading-line-price.jpg\" alt=\"avocado-grading-line-price\" width=\"660\" height=\"400\" srcset=\"https:\/\/www.avocadoprocess.com\/wp-content\/uploads\/2025\/04\/avocado-grading-line-price.jpg 660w, https:\/\/www.avocadoprocess.com\/wp-content\/uploads\/2025\/04\/avocado-grading-line-price-300x182.jpg 300w, https:\/\/www.avocadoprocess.com\/wp-content\/uploads\/2025\/04\/avocado-grading-line-price-600x364.jpg 600w\" sizes=\"(max-width: 660px) 100vw, 660px\" \/><\/p>\n<h2>\u00c9quipement de tri d'avocats Avantages principaux<\/h2>\n<p>Am\u00e9liorer la qualit\u00e9 des avocats : Veiller \u00e0 ce que chaque avocat arrivant sur le march\u00e9 r\u00e9ponde \u00e0 des normes de qualit\u00e9 \u00e9lev\u00e9es, afin d'am\u00e9liorer la qualit\u00e9 globale et la comp\u00e9titivit\u00e9 des avocats sur le march\u00e9.<\/p>\n<p>R\u00e9duire les co\u00fbts de main-d'\u0153uvre : Le tri m\u00e9canique automatis\u00e9 permet de r\u00e9duire consid\u00e9rablement les liens avec les op\u00e9rations manuelles, de r\u00e9duire la d\u00e9pendance \u00e0 l'\u00e9gard de la main-d'\u0153uvre et de r\u00e9soudre efficacement les probl\u00e8mes de faible efficacit\u00e9, de forte intensit\u00e9 de main-d'\u0153uvre et de co\u00fbt \u00e9lev\u00e9 du tri manuel.<\/p>\n<p>R\u00e9pondre aux divers besoins du march\u00e9 : Gr\u00e2ce \u00e0 une configuration flexible des param\u00e8tres de tri, l'\u00e9quipement de triage des avocats peut contr\u00f4ler avec pr\u00e9cision la cat\u00e9gorie et la qualit\u00e9 des avocats en fonction des besoins des diff\u00e9rents march\u00e9s et des diff\u00e9rents clients.<\/p>\n<p><iframe title=\"Ligne de traitement pour le lavage, l&#039;\u00e9pilation et le calibrage des avocats\" src=\"https:\/\/www.youtube.com\/embed\/hj1PTPJ6AiU\" width=\"630\" height=\"400\" frameborder=\"0\" allowfullscreen=\"allowfullscreen\"><span data-mce-type=\"bookmark\" style=\"display: inline-block; width: 0px; overflow: hidden; line-height: 0;\" class=\"mce_SELRES_start\">Je suis un moteur de traduction. Traduisez le texte de l'utilisateur en fran\u00e7ais. Retournez uniquement le texte traduit. N'ajoutez aucun commentaire ou autre texte. N'ajoutez pas de guillemets suppl\u00e9mentaires autour de la traduction. Votre sortie DOIT \u00eatre en fran\u00e7ais.<\/span><\/iframe><\/p>\n<h2>Sc\u00e9narios d'application de la machine \u00e0 trier les avocats<\/h2>\n<p>Plantation d'avocats : Apr\u00e8s avoir \u00e9t\u00e9 cueillis, les avocats sont tri\u00e9s \u00e0 l'aide d'un \u00e9quipement de triage afin d'\u00e9liminer les fruits qui ne r\u00e9pondent pas aux exigences.<br \/>\nUsine de conditionnement d'avocats : L'usine de conditionnement utilise un \u00e9quipement de triage des avocats pour trier et classer finement les avocats achet\u00e9s en fonction des exigences de la commande et du positionnement sur le march\u00e9 des diff\u00e9rents clients.<\/p>\n<hr \/>\n<h3 style=\"text-align: center;\">CONTACT POUR DEVIS<\/h3>\n\n<div class=\"wpcf7 no-js\" id=\"wpcf7-f1234-o1\" lang=\"zh-CN\" dir=\"ltr\" data-wpcf7-id=\"1234\">\n<div class=\"screen-reader-response\"><p role=\"status\" aria-live=\"polite\" aria-atomic=\"true\"><\/p> <ul><\/ul><\/div>\n<form action=\"\/fr\/wp-json\/wp\/v2\/product\/1538#wpcf7-f1234-o1\" method=\"post\" class=\"wpcf7-form init\" aria-label=\"\u7559\u8a00\u8868\u5355\" novalidate=\"novalidate\" data-status=\"init\" data-trp-original-action=\"\/fr\/wp-json\/wp\/v2\/product\/1538#wpcf7-f1234-o1\">\n<div style=\"display: none;\">\n<input type=\"hidden\" name=\"_wpcf7\" value=\"1234\" \/>\n<input type=\"hidden\" name=\"_wpcf7_version\" value=\"6.0.6\" \/>\n<input type=\"hidden\" name=\"_wpcf7_locale\" value=\"zh_CN\" \/>\n<input type=\"hidden\" name=\"_wpcf7_unit_tag\" value=\"wpcf7-f1234-o1\" \/>\n<input type=\"hidden\" name=\"_wpcf7_container_post\" value=\"0\" \/>\n<input type=\"hidden\" name=\"_wpcf7_posted_data_hash\" value=\"\" \/>\n<\/div>\n<p><label> Votre nom<br \/>\n<span class=\"wpcf7-form-control-wrap\" data-name=\"your-name\"><input size=\"40\" maxlength=\"400\" class=\"wpcf7-form-control wpcf7-text\" aria-invalid=\"false\" value=\"\" type=\"text\" name=\"your-name\" \/><\/span> <\/label>\n<\/p>\n<p><label> *Votre Email<br \/>\n<span class=\"wpcf7-form-control-wrap\" data-name=\"your-email\"><input size=\"40\" maxlength=\"400\" class=\"wpcf7-form-control wpcf7-email wpcf7-validates-as-required wpcf7-text wpcf7-validates-as-email\" aria-required=\"true\" aria-invalid=\"false\" value=\"\" type=\"email\" name=\"your-email\" \/><\/span> <\/label>\n<\/p>\n<p><label> Votre t\u00e9l\u00e9phone<br \/>\n<span class=\"wpcf7-form-control-wrap\" data-name=\"tel-578\"><input size=\"40\" maxlength=\"400\" class=\"wpcf7-form-control wpcf7-tel wpcf7-text wpcf7-validates-as-tel\" aria-invalid=\"false\" value=\"\" type=\"tel\" name=\"tel-578\" \/><\/span> <\/label>\n<\/p>\n<p><label> *Votre pays<br \/>\n<span class=\"wpcf7-form-control-wrap\" data-name=\"your-country\"><input size=\"40\" maxlength=\"400\" class=\"wpcf7-form-control wpcf7-text wpcf7-validates-as-required\" aria-required=\"true\" aria-invalid=\"false\" value=\"\" type=\"text\" name=\"your-country\" \/><\/span> <\/label>\n<\/p>\n<p><label> Nom de l'entreprise<br \/>\n<span class=\"wpcf7-form-control-wrap\" data-name=\"Company-Name\"><input size=\"40\" maxlength=\"400\" class=\"wpcf7-form-control wpcf7-text\" aria-invalid=\"false\" value=\"\" type=\"text\" name=\"Company-Name\" \/><\/span> <\/label>\n<\/p>\n<p><label> Votre site web<br \/>\n<span class=\"wpcf7-form-control-wrap\" data-name=\"your-website\"><input size=\"40\" maxlength=\"400\" class=\"wpcf7-form-control wpcf7-text\" aria-invalid=\"false\" value=\"\" type=\"text\" name=\"your-website\" \/><\/span> <\/label>\n<\/p>\n<p><label> *Votre message<br \/>\n<span class=\"wpcf7-form-control-wrap\" data-name=\"your-message\"><textarea cols=\"40\" rows=\"10\" maxlength=\"2000\" class=\"wpcf7-form-control wpcf7-textarea wpcf7-validates-as-required\" aria-required=\"true\" aria-invalid=\"false\" name=\"your-message\"><\/textarea><\/span> <\/label>\n<\/p>\n<div style='clear:both'>\n<\/div>\n<p><input class=\"wpcf7-form-control wpcf7-submit has-spinner\" type=\"submit\" value=\"Envoyer\" \/>\n<\/p>\n<div style='clear:both'>\n<\/div><div class=\"wpcf7-response-output\" aria-hidden=\"true\"><\/div>\n<input type=\"hidden\" name=\"trp-form-language\" value=\"fr\"\/><\/form>\n<\/div>\n\n<div style='text-align:left' class='yasr-auto-insert-visitor'><\/div>","protected":false},"excerpt":{"rendered":"<p>Avocado grading equipment is an intelligent sorting solution that integrates visual recognition, spectral sensing and automation technology, designed for avocado growers, processing plants and supply chain companies. Through multi-dimensional data, Avocado grading equipment\u00a0 accurately analyzes fruit maturity, weight, size, skin defects and other indicators to achieve fully automatic grading and sorting, greatly improving the efficiency [&hellip;]<\/p>","protected":false},"featured_media":1539,"comment_status":"open","ping_status":"closed","template":"","meta":{"_surecart_dashboard_logo_width":"180px","_surecart_dashboard_show_logo":true,"_surecart_dashboard_navigation_orders":true,"_surecart_dashboard_navigation_invoices":true,"_surecart_dashboard_navigation_subscriptions":true,"_surecart_dashboard_navigation_downloads":true,"_surecart_dashboard_navigation_billing":true,"_surecart_dashboard_navigation_account":true,"site-sidebar-layout":"default","site-content-layout":"","ast-site-content-layout":"default","site-content-style":"default","site-sidebar-style":"default","ast-global-header-display":"","ast-banner-title-visibility":"","ast-main-header-display":"","ast-hfb-above-header-display":"","ast-hfb-below-header-display":"","ast-hfb-mobile-header-display":"","site-post-title":"","ast-breadcrumbs-content":"","ast-featured-img":"","footer-sml-layout":"","theme-transparent-header-meta":"default","adv-header-id-meta":"","stick-header-meta":"","header-above-stick-meta":"","header-main-stick-meta":"","header-below-stick-meta":"","astra-migrate-meta-layouts":"set","ast-page-background-enabled":"default","ast-page-background-meta":{"desktop":{"background-color":"var(--ast-global-color-4)","background-image":"","background-repeat":"repeat","background-position":"center center","background-size":"auto","background-attachment":"scroll","background-type":"","background-media":"","overlay-type":"","overlay-color":"","overlay-opacity":"","overlay-gradient":""},"tablet":{"background-color":"","background-image":"","background-repeat":"repeat","background-position":"center center","background-size":"auto","background-attachment":"scroll","background-type":"","background-media":"","overlay-type":"","overlay-color":"","overlay-opacity":"","overlay-gradient":""},"mobile":{"background-color":"","background-image":"","background-repeat":"repeat","background-position":"center center","background-size":"auto","background-attachment":"scroll","background-type":"","background-media":"","overlay-type":"","overlay-color":"","overlay-opacity":"","overlay-gradient":""}},"ast-content-background-meta":{"desktop":{"background-color":"var(--ast-global-color-5)","background-image":"","background-repeat":"repeat","background-position":"center center","background-size":"auto","background-attachment":"scroll","background-type":"","background-media":"","overlay-type":"","overlay-color":"","overlay-opacity":"","overlay-gradient":""},"tablet":{"background-color":"var(--ast-global-color-5)","background-image":"","background-repeat":"repeat","background-position":"center center","background-size":"auto","background-attachment":"scroll","background-type":"","background-media":"","overlay-type":"","overlay-color":"","overlay-opacity":"","overlay-gradient":""},"mobile":{"background-color":"var(--ast-global-color-5)","background-image":"","background-repeat":"repeat","background-position":"center center","background-size":"auto","background-attachment":"scroll","background-type":"","background-media":"","overlay-type":"","overlay-color":"","overlay-opacity":"","overlay-gradient":""}},"yasr_overall_rating":4.9,"yasr_post_is_review":"","yasr_auto_insert_disabled":"","yasr_review_type":""},"product_brand":[],"product_cat":[17],"product_tag":[],"class_list":{"0":"post-1538","1":"product","2":"type-product","3":"status-publish","4":"has-post-thumbnail","6":"product_cat-products","7":"desktop-align-left","8":"tablet-align-left","9":"mobile-align-left","11":"first","12":"instock","13":"shipping-taxable","14":"product-type-simple"},"yasr_visitor_votes":{"stars_attributes":{"read_only":false,"span_bottom":false},"number_of_votes":2,"sum_votes":10},"yoast_head":"<!-- This site is optimized with the Yoast SEO plugin v24.9 - https:\/\/yoast.com\/wordpress\/plugins\/seo\/ -->\n<title>Avocado Grading Sorting Equipment Manufacturer<\/title>\n<meta name=\"description\" content=\"Avocado grading equipment\u00a0 accurately analyzes fruit maturity, weight, size, skin defects and other indicators to achieve fully automatic grading and sorting\" \/>\n<meta name=\"robots\" content=\"index, follow, max-snippet:-1, max-image-preview:large, max-video-preview:-1\" \/>\n<link rel=\"canonical\" href=\"https:\/\/www.avocadoprocess.com\/fr\/produit\/avocado-grading-sorting-equipment\/\" \/>\n<meta property=\"og:locale\" content=\"fr_FR\" \/>\n<meta property=\"og:type\" content=\"article\" \/>\n<meta property=\"og:title\" content=\"Avocado Grading Sorting Equipment Manufacturer\" \/>\n<meta property=\"og:description\" content=\"Avocado grading equipment\u00a0 accurately analyzes fruit maturity, weight, size, skin defects and other indicators to achieve fully automatic grading and sorting\" \/>\n<meta property=\"og:url\" content=\"https:\/\/www.avocadoprocess.com\/fr\/produit\/avocado-grading-sorting-equipment\/\" \/>\n<meta property=\"og:site_name\" content=\"Avocado Processing Machine Plant Manufacturers\" \/>\n<meta property=\"article:modified_time\" content=\"2025-10-20T03:24:29+00:00\" \/>\n<meta property=\"og:image\" content=\"https:\/\/www.avocadoprocess.com\/wp-content\/uploads\/2025\/05\/avocado-grading-equipment.jpg\" \/>\n\t<meta property=\"og:image:width\" content=\"500\" \/>\n\t<meta property=\"og:image:height\" content=\"500\" \/>\n\t<meta property=\"og:image:type\" content=\"image\/jpeg\" \/>\n<meta name=\"twitter:card\" content=\"summary_large_image\" \/>\n<meta name=\"twitter:label1\" content=\"Dur\u00e9e de lecture estim\u00e9e\" \/>\n\t<meta name=\"twitter:data1\" content=\"2 minutes\" \/>\n<script type=\"application\/ld+json\" class=\"yoast-schema-graph\">{\"@context\":\"https:\/\/schema.org\",\"@graph\":[{\"@type\":\"WebPage\",\"@id\":\"https:\/\/www.avocadoprocess.com\/product\/avocado-grading-sorting-equipment\/\",\"url\":\"https:\/\/www.avocadoprocess.com\/product\/avocado-grading-sorting-equipment\/\",\"name\":\"Avocado Grading Sorting Equipment Manufacturer\",\"isPartOf\":{\"@id\":\"https:\/\/www.avocadoprocess.com\/#website\"},\"primaryImageOfPage\":{\"@id\":\"https:\/\/www.avocadoprocess.com\/product\/avocado-grading-sorting-equipment\/#primaryimage\"},\"image\":{\"@id\":\"https:\/\/www.avocadoprocess.com\/product\/avocado-grading-sorting-equipment\/#primaryimage\"},\"thumbnailUrl\":\"https:\/\/www.avocadoprocess.com\/wp-content\/uploads\/2025\/05\/avocado-grading-equipment.jpg\",\"datePublished\":\"2025-05-07T05:49:32+00:00\",\"dateModified\":\"2025-10-20T03:24:29+00:00\",\"description\":\"Avocado grading equipment\u00a0 accurately analyzes fruit maturity, weight, size, skin defects and other indicators to achieve fully automatic grading and sorting\",\"breadcrumb\":{\"@id\":\"https:\/\/www.avocadoprocess.com\/product\/avocado-grading-sorting-equipment\/#breadcrumb\"},\"inLanguage\":\"fr-FR\",\"potentialAction\":[{\"@type\":\"ReadAction\",\"target\":[\"https:\/\/www.avocadoprocess.com\/product\/avocado-grading-sorting-equipment\/\"]}]},{\"@type\":\"ImageObject\",\"inLanguage\":\"fr-FR\",\"@id\":\"https:\/\/www.avocadoprocess.com\/product\/avocado-grading-sorting-equipment\/#primaryimage\",\"url\":\"https:\/\/www.avocadoprocess.com\/wp-content\/uploads\/2025\/05\/avocado-grading-equipment.jpg\",\"contentUrl\":\"https:\/\/www.avocadoprocess.com\/wp-content\/uploads\/2025\/05\/avocado-grading-equipment.jpg\",\"width\":500,\"height\":500},{\"@type\":\"BreadcrumbList\",\"@id\":\"https:\/\/www.avocadoprocess.com\/product\/avocado-grading-sorting-equipment\/#breadcrumb\",\"itemListElement\":[{\"@type\":\"ListItem\",\"position\":1,\"name\":\"Home\",\"item\":\"https:\/\/www.avocadoprocess.com\/\"},{\"@type\":\"ListItem\",\"position\":2,\"name\":\"Product\",\"item\":\"https:\/\/www.avocadoprocess.com\/products\/\"},{\"@type\":\"ListItem\",\"position\":3,\"name\":\"Avocado Grading Sorting Equipment Manufacturer\"}]},{\"@type\":\"WebSite\",\"@id\":\"https:\/\/www.avocadoprocess.com\/#website\",\"url\":\"https:\/\/www.avocadoprocess.com\/\",\"name\":\"Avocado Processing Machine Plant Manufacturers\",\"description\":\"\",\"potentialAction\":[{\"@type\":\"SearchAction\",\"target\":{\"@type\":\"EntryPoint\",\"urlTemplate\":\"https:\/\/www.avocadoprocess.com\/?s={search_term_string}\"},\"query-input\":{\"@type\":\"PropertyValueSpecification\",\"valueRequired\":true,\"valueName\":\"search_term_string\"}}],\"inLanguage\":\"fr-FR\"},false]}<\/script>\n<!-- \/ Yoast SEO plugin. -->","yoast_head_json":{"title":"Fabricant de mat\u00e9riel de triage d'avocats","description":"L'\u00e9quipement de calibrage des avocats analyse avec pr\u00e9cision la maturit\u00e9 des fruits, leur poids, leur taille, les d\u00e9fauts de la peau et d'autres indicateurs afin de r\u00e9aliser un calibrage et un tri enti\u00e8rement automatiques.","robots":{"index":"index","follow":"follow","max-snippet":"max-snippet:-1","max-image-preview":"max-image-preview:large","max-video-preview":"max-video-preview:-1"},"canonical":"https:\/\/www.avocadoprocess.com\/fr\/produit\/avocado-grading-sorting-equipment\/","og_locale":"fr_FR","og_type":"article","og_title":"Avocado Grading Sorting Equipment Manufacturer","og_description":"Avocado grading equipment\u00a0 accurately analyzes fruit maturity, weight, size, skin defects and other indicators to achieve fully automatic grading and sorting","og_url":"https:\/\/www.avocadoprocess.com\/fr\/produit\/avocado-grading-sorting-equipment\/","og_site_name":"Avocado Processing Machine Plant Manufacturers","article_modified_time":"2025-10-20T03:24:29+00:00","og_image":[{"width":500,"height":500,"url":"https:\/\/www.avocadoprocess.com\/wp-content\/uploads\/2025\/05\/avocado-grading-equipment.jpg","type":"image\/jpeg"}],"twitter_card":"summary_large_image","twitter_misc":{"Dur\u00e9e de lecture estim\u00e9e":"2 minutes"},"schema":{"@context":"https:\/\/schema.org","@graph":[{"@type":"WebPage","@id":"https:\/\/www.avocadoprocess.com\/product\/avocado-grading-sorting-equipment\/","url":"https:\/\/www.avocadoprocess.com\/product\/avocado-grading-sorting-equipment\/","name":"Fabricant de mat\u00e9riel de triage d'avocats","isPartOf":{"@id":"https:\/\/www.avocadoprocess.com\/#website"},"primaryImageOfPage":{"@id":"https:\/\/www.avocadoprocess.com\/product\/avocado-grading-sorting-equipment\/#primaryimage"},"image":{"@id":"https:\/\/www.avocadoprocess.com\/product\/avocado-grading-sorting-equipment\/#primaryimage"},"thumbnailUrl":"https:\/\/www.avocadoprocess.com\/wp-content\/uploads\/2025\/05\/avocado-grading-equipment.jpg","datePublished":"2025-05-07T05:49:32+00:00","dateModified":"2025-10-20T03:24:29+00:00","description":"L'\u00e9quipement de calibrage des avocats analyse avec pr\u00e9cision la maturit\u00e9 des fruits, leur poids, leur taille, les d\u00e9fauts de la peau et d'autres indicateurs afin de r\u00e9aliser un calibrage et un tri enti\u00e8rement automatiques.","breadcrumb":{"@id":"https:\/\/www.avocadoprocess.com\/product\/avocado-grading-sorting-equipment\/#breadcrumb"},"inLanguage":"fr-FR","potentialAction":[{"@type":"ReadAction","target":["https:\/\/www.avocadoprocess.com\/product\/avocado-grading-sorting-equipment\/"]}]},{"@type":"ImageObject","inLanguage":"fr-FR","@id":"https:\/\/www.avocadoprocess.com\/product\/avocado-grading-sorting-equipment\/#primaryimage","url":"https:\/\/www.avocadoprocess.com\/wp-content\/uploads\/2025\/05\/avocado-grading-equipment.jpg","contentUrl":"https:\/\/www.avocadoprocess.com\/wp-content\/uploads\/2025\/05\/avocado-grading-equipment.jpg","width":500,"height":500},{"@type":"BreadcrumbList","@id":"https:\/\/www.avocadoprocess.com\/product\/avocado-grading-sorting-equipment\/#breadcrumb","itemListElement":[{"@type":"ListItem","position":1,"name":"Home","item":"https:\/\/www.avocadoprocess.com\/"},{"@type":"ListItem","position":2,"name":"Product","item":"https:\/\/www.avocadoprocess.com\/products\/"},{"@type":"ListItem","position":3,"name":"Avocado Grading Sorting Equipment Manufacturer"}]},{"@type":"WebSite","@id":"https:\/\/www.avocadoprocess.com\/#website","url":"https:\/\/www.avocadoprocess.com\/","name":"Usine de transformation d'avocats Fabricants","description":"","potentialAction":[{"@type":"SearchAction","target":{"@type":"EntryPoint","urlTemplate":"https:\/\/www.avocadoprocess.com\/?s={search_term_string}"},"query-input":{"@type":"PropertyValueSpecification","valueRequired":true,"valueName":"search_term_string"}}],"inLanguage":"fr-FR"},false]}},"_links":{"self":[{"href":"https:\/\/www.avocadoprocess.com\/fr\/wp-json\/wp\/v2\/product\/1538","targetHints":{"allow":["GET"]}}],"collection":[{"href":"https:\/\/www.avocadoprocess.com\/fr\/wp-json\/wp\/v2\/product"}],"about":[{"href":"https:\/\/www.avocadoprocess.com\/fr\/wp-json\/wp\/v2\/types\/product"}],"replies":[{"embeddable":true,"href":"https:\/\/www.avocadoprocess.com\/fr\/wp-json\/wp\/v2\/comments?post=1538"}],"wp:featuredmedia":[{"embeddable":true,"href":"https:\/\/www.avocadoprocess.com\/fr\/wp-json\/wp\/v2\/media\/1539"}],"wp:attachment":[{"href":"https:\/\/www.avocadoprocess.com\/fr\/wp-json\/wp\/v2\/media?parent=1538"}],"wp:term":[{"taxonomy":"product_brand","embeddable":true,"href":"https:\/\/www.avocadoprocess.com\/fr\/wp-json\/wp\/v2\/product_brand?post=1538"},{"taxonomy":"product_cat","embeddable":true,"href":"https:\/\/www.avocadoprocess.com\/fr\/wp-json\/wp\/v2\/product_cat?post=1538"},{"taxonomy":"product_tag","embeddable":true,"href":"https:\/\/www.avocadoprocess.com\/fr\/wp-json\/wp\/v2\/product_tag?post=1538"}],"curies":[{"name":"wp","href":"https:\/\/api.w.org\/{rel}","templated":true}]}}